{"id":106,"date":"2014-12-06T17:00:03","date_gmt":"2014-12-06T16:00:03","guid":{"rendered":"http:\/\/nuestrasenoramoratalaz.archimadrid.es\/?page_id=106"},"modified":"2021-10-13T19:21:53","modified_gmt":"2021-10-13T17:21:53","slug":"celebracion","status":"publish","type":"page","link":"https:\/\/nuestrasenoramoratalaz.archimadrid.es\/?page_id=106","title":{"rendered":"II.CELEBRACION"},"content":{"rendered":"<h3><em>La celebramos en los Sacramentos y en la Liturgia<\/em><\/h3>\n<ul>\n<li>Bautismos<\/li>\n<li>Primera comuni\u00f3n<\/li>\n<li>Reconciliaci\u00f3n\n<ul>\n<li>Antes de las misas, en la Adoraci\u00f3n al Sant\u00edsimo o cuando se solicite<\/li>\n<\/ul>\n<\/li>\n<li>Oraciones:\n<ul>\n<li>Adoremos: Vigilia de j\u00f3venes en la catedral.<\/li>\n<li>Adoraci\u00f3n y alabanza con exposici\u00f3n del Sant\u00edsimo el jueves a las 20.00h<\/li>\n<li>Taiz\u00e9: Oraci\u00f3n a las 20.30h el cuarto viernes del mes<\/li>\n<\/ul>\n<\/li>\n<li>Confirmaci\u00f3n de j\u00f3venes y adultos<\/li>\n<li>Eucarist\u00edas:\n<ul>\n<li>Laborables: 19:30<\/li>\n<li>Domingos y festivos: 11:30, 13:00 y 19:30<\/li>\n<\/ul>\n<\/li>\n<\/ul>\n","protected":false},"excerpt":{"rendered":"<p>La celebramos en los Sacramentos y en la Liturgia Bautismos Primera comuni\u00f3n Reconciliaci\u00f3n Antes de las misas, en la Adoraci\u00f3n al Sant\u00edsimo o cuando se<\/p>\n","protected":false},"author":5,"featured_media":0,"parent":6594,"menu_order":2,"comment_status":"closed","ping_status":"closed","template":"","meta":{"_monsterinsights_skip_tracking":false,"_monsterinsights_sitenote_active":false,"_monsterinsights_sitenote_note":"","_monsterinsights_sitenote_category":0},"aioseo_notices":[],"_links":{"self":[{"href":"https:\/\/nuestrasenoramoratalaz.archimadrid.es\/index.php?rest_route=\/wp\/v2\/pages\/106"}],"collection":[{"href":"https:\/\/nuestrasenoramoratalaz.archimadrid.es\/index.php?rest_route=\/wp\/v2\/pages"}],"about":[{"href":"https:\/\/nuestrasenoramoratalaz.archimadrid.es\/index.php?rest_route=\/wp\/v2\/types\/page"}],"author":[{"embeddable":true,"href":"https:\/\/nuestrasenoramoratalaz.archimadrid.es\/index.php?rest_route=\/wp\/v2\/users\/5"}],"replies":[{"embeddable":true,"href":"https:\/\/nuestrasenoramoratalaz.archimadrid.es\/index.php?rest_route=%2Fwp%2Fv2%2Fcomments&post=106"}],"version-history":[{"count":19,"href":"https:\/\/nuestrasenoramoratalaz.archimadrid.es\/index.php?rest_route=\/wp\/v2\/pages\/106\/revisions"}],"predecessor-version":[{"id":7531,"href":"https:\/\/nuestrasenoramoratalaz.archimadrid.es\/index.php?rest_route=\/wp\/v2\/pages\/106\/revisions\/7531"}],"up":[{"embeddable":true,"href":"https:\/\/nuestrasenoramoratalaz.archimadrid.es\/index.php?rest_route=\/wp\/v2\/pages\/6594"}],"wp:attachment":[{"href":"https:\/\/nuestrasenoramoratalaz.archimadrid.es\/index.php?rest_route=%2Fwp%2Fv2%2Fmedia&parent=106"}],"curies":[{"name":"wp","href":"https:\/\/api.w.org\/{rel}","templated":true}]}}