{"id":1414,"date":"2017-10-07T15:45:06","date_gmt":"2017-10-07T15:45:06","guid":{"rendered":"http:\/\/nuestrasenoramoratalaz.archimadrid.es\/?page_id=1414"},"modified":"2021-03-27T00:43:50","modified_gmt":"2021-03-26T23:43:50","slug":"campamento","status":"publish","type":"page","link":"https:\/\/nuestrasenoramoratalaz.archimadrid.es\/?page_id=1414","title":{"rendered":"INFANCIA"},"content":{"rendered":"<p>En esta p\u00e1gina pod\u00e9is encontrar las siguientes secciones:<\/p>\n<ul>\n<li>Catequesis de comuni\u00f3n: Domingos de 11:30 a 13:30.\n<ul>\n<li>Primero<\/li>\n<li>Segundo<\/li>\n<li>Tercero<\/li>\n<\/ul>\n<\/li>\n<li>PREAS\n<ul>\n<li>PREAS I: Domingos de 20:15 a 21:30.<\/li>\n<li>PREAS II: Viernes de 17:30 a 18:30.<\/li>\n<\/ul>\n<\/li>\n<\/ul>\n\n<p>[dcms_childpages]<\/p>\n","protected":false},"excerpt":{"rendered":"<p>En esta p\u00e1gina pod\u00e9is encontrar las siguientes secciones: Catequesis de comuni\u00f3n: Domingos de 11:30 a 13:30. Primero Segundo Tercero PREAS PREAS I: Domingos de 20:15<\/p>\n","protected":false},"author":6,"featured_media":0,"parent":0,"menu_order":8,"comment_status":"closed","ping_status":"closed","template":"","meta":{"_monsterinsights_skip_tracking":false,"_monsterinsights_sitenote_active":false,"_monsterinsights_sitenote_note":"","_monsterinsights_sitenote_category":0},"aioseo_notices":[],"_links":{"self":[{"href":"https:\/\/nuestrasenoramoratalaz.archimadrid.es\/index.php?rest_route=\/wp\/v2\/pages\/1414"}],"collection":[{"href":"https:\/\/nuestrasenoramoratalaz.archimadrid.es\/index.php?rest_route=\/wp\/v2\/pages"}],"about":[{"href":"https:\/\/nuestrasenoramoratalaz.archimadrid.es\/index.php?rest_route=\/wp\/v2\/types\/page"}],"author":[{"embeddable":true,"href":"https:\/\/nuestrasenoramoratalaz.archimadrid.es\/index.php?rest_route=\/wp\/v2\/users\/6"}],"replies":[{"embeddable":true,"href":"https:\/\/nuestrasenoramoratalaz.archimadrid.es\/index.php?rest_route=%2Fwp%2Fv2%2Fcomments&post=1414"}],"version-history":[{"count":13,"href":"https:\/\/nuestrasenoramoratalaz.archimadrid.es\/index.php?rest_route=\/wp\/v2\/pages\/1414\/revisions"}],"predecessor-version":[{"id":7317,"href":"https:\/\/nuestrasenoramoratalaz.archimadrid.es\/index.php?rest_route=\/wp\/v2\/pages\/1414\/revisions\/7317"}],"wp:attachment":[{"href":"https:\/\/nuestrasenoramoratalaz.archimadrid.es\/index.php?rest_route=%2Fwp%2Fv2%2Fmedia&parent=1414"}],"curies":[{"name":"wp","href":"https:\/\/api.w.org\/{rel}","templated":true}]}}