{"id":1421,"date":"2017-10-07T15:49:36","date_gmt":"2017-10-07T15:49:36","guid":{"rendered":"http:\/\/nuestrasenoramoratalaz.archimadrid.es\/?page_id=1421"},"modified":"2019-01-28T00:02:33","modified_gmt":"2019-01-27T23:02:33","slug":"grupo-de-jovenes","status":"publish","type":"page","link":"https:\/\/nuestrasenoramoratalaz.archimadrid.es\/?page_id=1421","title":{"rendered":"GRUPO DE JOVENES"},"content":{"rendered":"<p>En esta secci\u00f3n pod\u00e9is encontrar las reuniones del grupo de j\u00f3venes del 2017\/2018.<\/p>\n<p>El tema que se ha escogido para profundizar este a\u00f1o es el s\u00ednodo de los obispos de 2018 que trata los j\u00f3venes, la fe y<br \/>\nel discernimiento vocacional. Para ello nos apoyamos en las diversas Jornadas Mundiales de la Juventud que han tenido lugar hasta el d\u00eda de hoy con la siguiente estructura: introducci\u00f3n, desarrollo, oraci\u00f3n y puesta en com\u00fan.<br \/>\n<div data-carousel-extra='{\"blog_id\":1,\"permalink\":\"https:\\\/\\\/nuestrasenoramoratalaz.archimadrid.es\\\/?page_id=1421\"}' class=\"tiled-gallery type-rectangular\" data-original-width=\"783\"><div class=\"gallery-row\" style=\"width: 778px; height: 459px;\"><div class=\"gallery-group images-1\" style=\"width: 463px; height: 463px;\"><div class=\"tiled-gallery-item tiled-gallery-item-large\"><a href=\"https:\/\/nuestrasenoramoratalaz.archimadrid.es\/?attachment_id=5895\"><img data-attachment-id=\"5895\" data-orig-file=\"https:\/\/nuestrasenoramoratalaz.archimadrid.es\/wp-content\/uploads\/2019\/01\/panama1.jpg\" data-orig-size=\"960,960\" data-comments-opened=\"0\" data-image-meta=\"{&quot;aperture&quot;:&quot;0&quot;,&quot;credit&quot;:&quot;&quot;,&quot;camera&quot;:&quot;&quot;,&quot;caption&quot;:&quot;&quot;,&quot;created_timestamp&quot;:&quot;0&quot;,&quot;copyright&quot;:&quot;&quot;,&quot;focal_length&quot;:&quot;0&quot;,&quot;iso&quot;:&quot;0&quot;,&quot;shutter_speed&quot;:&quot;0&quot;,&quot;title&quot;:&quot;&quot;,&quot;orientation&quot;:&quot;0&quot;}\" data-image-title=\"panama1\" data-image-description=\"\" data-medium-file=\"https:\/\/nuestrasenoramoratalaz.archimadrid.es\/wp-content\/uploads\/2019\/01\/panama1-300x300.jpg\" data-large-file=\"https:\/\/nuestrasenoramoratalaz.archimadrid.es\/wp-content\/uploads\/2019\/01\/panama1.jpg\" src=\"https:\/\/nuestrasenoramoratalaz.archimadrid.es\/wp-content\/uploads\/2019\/01\/panama1-459x459.jpg\" width=\"459\" height=\"459\" align=\"left\" title=\"panama1\" \/><\/a><\/div><\/div><div class=\"gallery-group images-2\" style=\"width: 315px; height: 463px;\"><div class=\"tiled-gallery-item tiled-gallery-item-large\"><a href=\"https:\/\/nuestrasenoramoratalaz.archimadrid.es\/?attachment_id=5896\"><img data-attachment-id=\"5896\" data-orig-file=\"https:\/\/nuestrasenoramoratalaz.archimadrid.es\/wp-content\/uploads\/2019\/01\/panama2.jpg\" data-orig-size=\"952,637\" data-comments-opened=\"0\" data-image-meta=\"{&quot;aperture&quot;:&quot;0&quot;,&quot;credit&quot;:&quot;&quot;,&quot;camera&quot;:&quot;&quot;,&quot;caption&quot;:&quot;&quot;,&quot;created_timestamp&quot;:&quot;0&quot;,&quot;copyright&quot;:&quot;&quot;,&quot;focal_length&quot;:&quot;0&quot;,&quot;iso&quot;:&quot;0&quot;,&quot;shutter_speed&quot;:&quot;0&quot;,&quot;title&quot;:&quot;&quot;,&quot;orientation&quot;:&quot;0&quot;}\" data-image-title=\"panama2\" data-image-description=\"\" data-medium-file=\"https:\/\/nuestrasenoramoratalaz.archimadrid.es\/wp-content\/uploads\/2019\/01\/panama2-300x201.jpg\" data-large-file=\"https:\/\/nuestrasenoramoratalaz.archimadrid.es\/wp-content\/uploads\/2019\/01\/panama2.jpg\" src=\"https:\/\/nuestrasenoramoratalaz.archimadrid.es\/wp-content\/uploads\/2019\/01\/panama2-311x208.jpg\" width=\"311\" height=\"208\" align=\"left\" title=\"panama2\" \/><\/a><\/div><div class=\"tiled-gallery-item tiled-gallery-item-large\"><a href=\"https:\/\/nuestrasenoramoratalaz.archimadrid.es\/?attachment_id=5897\"><img data-attachment-id=\"5897\" data-orig-file=\"https:\/\/nuestrasenoramoratalaz.archimadrid.es\/wp-content\/uploads\/2019\/01\/panama3.jpg\" data-orig-size=\"1019,812\" data-comments-opened=\"0\" data-image-meta=\"{&quot;aperture&quot;:&quot;0&quot;,&quot;credit&quot;:&quot;&quot;,&quot;camera&quot;:&quot;&quot;,&quot;caption&quot;:&quot;&quot;,&quot;created_timestamp&quot;:&quot;0&quot;,&quot;copyright&quot;:&quot;&quot;,&quot;focal_length&quot;:&quot;0&quot;,&quot;iso&quot;:&quot;0&quot;,&quot;shutter_speed&quot;:&quot;0&quot;,&quot;title&quot;:&quot;&quot;,&quot;orientation&quot;:&quot;0&quot;}\" data-image-title=\"panama3\" data-image-description=\"\" data-medium-file=\"https:\/\/nuestrasenoramoratalaz.archimadrid.es\/wp-content\/uploads\/2019\/01\/panama3-300x239.jpg\" data-large-file=\"https:\/\/nuestrasenoramoratalaz.archimadrid.es\/wp-content\/uploads\/2019\/01\/panama3.jpg\" src=\"https:\/\/nuestrasenoramoratalaz.archimadrid.es\/wp-content\/uploads\/2019\/01\/panama3-311x247.jpg\" width=\"311\" height=\"247\" align=\"left\" title=\"panama3\" \/><\/a><\/div><\/div><\/div><div class=\"gallery-row\" style=\"width: 778px; height: 255px;\"><div class=\"gallery-group images-1\" style=\"width: 260px; height: 259px;\"><div class=\"tiled-gallery-item tiled-gallery-item-large\"><a href=\"https:\/\/nuestrasenoramoratalaz.archimadrid.es\/?attachment_id=5898\"><img data-attachment-id=\"5898\" data-orig-file=\"https:\/\/nuestrasenoramoratalaz.archimadrid.es\/wp-content\/uploads\/2019\/01\/panama4.jpg\" data-orig-size=\"1080,1080\" data-comments-opened=\"0\" data-image-meta=\"{&quot;aperture&quot;:&quot;0&quot;,&quot;credit&quot;:&quot;&quot;,&quot;camera&quot;:&quot;&quot;,&quot;caption&quot;:&quot;&quot;,&quot;created_timestamp&quot;:&quot;0&quot;,&quot;copyright&quot;:&quot;&quot;,&quot;focal_length&quot;:&quot;0&quot;,&quot;iso&quot;:&quot;0&quot;,&quot;shutter_speed&quot;:&quot;0&quot;,&quot;title&quot;:&quot;&quot;,&quot;orientation&quot;:&quot;0&quot;}\" data-image-title=\"panama4\" data-image-description=\"\" data-medium-file=\"https:\/\/nuestrasenoramoratalaz.archimadrid.es\/wp-content\/uploads\/2019\/01\/panama4-300x300.jpg\" data-large-file=\"https:\/\/nuestrasenoramoratalaz.archimadrid.es\/wp-content\/uploads\/2019\/01\/panama4-1024x1024.jpg\" src=\"https:\/\/nuestrasenoramoratalaz.archimadrid.es\/wp-content\/uploads\/2019\/01\/panama4-256x255.jpg\" width=\"256\" height=\"255\" align=\"left\" title=\"panama4\" \/><\/a><\/div><\/div><div class=\"gallery-group images-1\" style=\"width: 259px; height: 259px;\"><div class=\"tiled-gallery-item tiled-gallery-item-large\"><a href=\"https:\/\/nuestrasenoramoratalaz.archimadrid.es\/?attachment_id=5899\"><img data-attachment-id=\"5899\" data-orig-file=\"https:\/\/nuestrasenoramoratalaz.archimadrid.es\/wp-content\/uploads\/2019\/01\/panama5.jpg\" data-orig-size=\"1080,1080\" data-comments-opened=\"0\" data-image-meta=\"{&quot;aperture&quot;:&quot;0&quot;,&quot;credit&quot;:&quot;&quot;,&quot;camera&quot;:&quot;&quot;,&quot;caption&quot;:&quot;&quot;,&quot;created_timestamp&quot;:&quot;0&quot;,&quot;copyright&quot;:&quot;&quot;,&quot;focal_length&quot;:&quot;0&quot;,&quot;iso&quot;:&quot;0&quot;,&quot;shutter_speed&quot;:&quot;0&quot;,&quot;title&quot;:&quot;&quot;,&quot;orientation&quot;:&quot;0&quot;}\" data-image-title=\"panama5\" data-image-description=\"\" data-medium-file=\"https:\/\/nuestrasenoramoratalaz.archimadrid.es\/wp-content\/uploads\/2019\/01\/panama5-300x300.jpg\" data-large-file=\"https:\/\/nuestrasenoramoratalaz.archimadrid.es\/wp-content\/uploads\/2019\/01\/panama5-1024x1024.jpg\" src=\"https:\/\/nuestrasenoramoratalaz.archimadrid.es\/wp-content\/uploads\/2019\/01\/panama5-255x255.jpg\" width=\"255\" height=\"255\" align=\"left\" title=\"panama5\" \/><\/a><\/div><\/div><div class=\"gallery-group images-1\" style=\"width: 259px; height: 259px;\"><div class=\"tiled-gallery-item tiled-gallery-item-large\"><a href=\"https:\/\/nuestrasenoramoratalaz.archimadrid.es\/?attachment_id=5902\"><img data-attachment-id=\"5902\" data-orig-file=\"https:\/\/nuestrasenoramoratalaz.archimadrid.es\/wp-content\/uploads\/2019\/01\/panama8.jpg\" data-orig-size=\"1080,1080\" data-comments-opened=\"0\" data-image-meta=\"{&quot;aperture&quot;:&quot;0&quot;,&quot;credit&quot;:&quot;&quot;,&quot;camera&quot;:&quot;&quot;,&quot;caption&quot;:&quot;&quot;,&quot;created_timestamp&quot;:&quot;0&quot;,&quot;copyright&quot;:&quot;&quot;,&quot;focal_length&quot;:&quot;0&quot;,&quot;iso&quot;:&quot;0&quot;,&quot;shutter_speed&quot;:&quot;0&quot;,&quot;title&quot;:&quot;&quot;,&quot;orientation&quot;:&quot;0&quot;}\" data-image-title=\"panama8\" data-image-description=\"\" data-medium-file=\"https:\/\/nuestrasenoramoratalaz.archimadrid.es\/wp-content\/uploads\/2019\/01\/panama8-300x300.jpg\" data-large-file=\"https:\/\/nuestrasenoramoratalaz.archimadrid.es\/wp-content\/uploads\/2019\/01\/panama8-1024x1024.jpg\" src=\"https:\/\/nuestrasenoramoratalaz.archimadrid.es\/wp-content\/uploads\/2019\/01\/panama8-255x255.jpg\" width=\"255\" height=\"255\" align=\"left\" title=\"panama8\" \/><\/a><\/div><\/div><\/div><div class=\"gallery-row\" style=\"width: 778px; height: 483px;\"><div class=\"gallery-group images-2\" style=\"width: 291px; height: 487px;\"><div class=\"tiled-gallery-item tiled-gallery-item-large\"><a href=\"https:\/\/nuestrasenoramoratalaz.archimadrid.es\/?attachment_id=5900\"><img data-attachment-id=\"5900\" data-orig-file=\"https:\/\/nuestrasenoramoratalaz.archimadrid.es\/wp-content\/uploads\/2019\/01\/panama6.jpg\" data-orig-size=\"1080,718\" data-comments-opened=\"0\" data-image-meta=\"{&quot;aperture&quot;:&quot;0&quot;,&quot;credit&quot;:&quot;&quot;,&quot;camera&quot;:&quot;&quot;,&quot;caption&quot;:&quot;&quot;,&quot;created_timestamp&quot;:&quot;0&quot;,&quot;copyright&quot;:&quot;&quot;,&quot;focal_length&quot;:&quot;0&quot;,&quot;iso&quot;:&quot;0&quot;,&quot;shutter_speed&quot;:&quot;0&quot;,&quot;title&quot;:&quot;&quot;,&quot;orientation&quot;:&quot;0&quot;}\" data-image-title=\"panama6\" data-image-description=\"\" data-medium-file=\"https:\/\/nuestrasenoramoratalaz.archimadrid.es\/wp-content\/uploads\/2019\/01\/panama6-300x199.jpg\" data-large-file=\"https:\/\/nuestrasenoramoratalaz.archimadrid.es\/wp-content\/uploads\/2019\/01\/panama6-1024x681.jpg\" src=\"https:\/\/nuestrasenoramoratalaz.archimadrid.es\/wp-content\/uploads\/2019\/01\/panama6-287x191.jpg\" width=\"287\" height=\"191\" align=\"left\" title=\"panama6\" \/><\/a><\/div><div class=\"tiled-gallery-item tiled-gallery-item-large\"><a href=\"https:\/\/nuestrasenoramoratalaz.archimadrid.es\/?attachment_id=5901\"><img data-attachment-id=\"5901\" data-orig-file=\"https:\/\/nuestrasenoramoratalaz.archimadrid.es\/wp-content\/uploads\/2019\/01\/panama7.jpg\" data-orig-size=\"1080,1080\" data-comments-opened=\"0\" data-image-meta=\"{&quot;aperture&quot;:&quot;0&quot;,&quot;credit&quot;:&quot;&quot;,&quot;camera&quot;:&quot;&quot;,&quot;caption&quot;:&quot;&quot;,&quot;created_timestamp&quot;:&quot;0&quot;,&quot;copyright&quot;:&quot;&quot;,&quot;focal_length&quot;:&quot;0&quot;,&quot;iso&quot;:&quot;0&quot;,&quot;shutter_speed&quot;:&quot;0&quot;,&quot;title&quot;:&quot;&quot;,&quot;orientation&quot;:&quot;0&quot;}\" data-image-title=\"panama7\" data-image-description=\"\" data-medium-file=\"https:\/\/nuestrasenoramoratalaz.archimadrid.es\/wp-content\/uploads\/2019\/01\/panama7-300x300.jpg\" data-large-file=\"https:\/\/nuestrasenoramoratalaz.archimadrid.es\/wp-content\/uploads\/2019\/01\/panama7-1024x1024.jpg\" src=\"https:\/\/nuestrasenoramoratalaz.archimadrid.es\/wp-content\/uploads\/2019\/01\/panama7-287x288.jpg\" width=\"287\" height=\"288\" align=\"left\" title=\"panama7\" \/><\/a><\/div><\/div><div class=\"gallery-group images-1\" style=\"width: 487px; height: 487px;\"><div class=\"tiled-gallery-item tiled-gallery-item-large\"><a href=\"https:\/\/nuestrasenoramoratalaz.archimadrid.es\/?attachment_id=5903\"><img data-attachment-id=\"5903\" data-orig-file=\"https:\/\/nuestrasenoramoratalaz.archimadrid.es\/wp-content\/uploads\/2019\/01\/panama9.jpg\" data-orig-size=\"870,870\" data-comments-opened=\"0\" data-image-meta=\"{&quot;aperture&quot;:&quot;0&quot;,&quot;credit&quot;:&quot;&quot;,&quot;camera&quot;:&quot;&quot;,&quot;caption&quot;:&quot;&quot;,&quot;created_timestamp&quot;:&quot;0&quot;,&quot;copyright&quot;:&quot;&quot;,&quot;focal_length&quot;:&quot;0&quot;,&quot;iso&quot;:&quot;0&quot;,&quot;shutter_speed&quot;:&quot;0&quot;,&quot;title&quot;:&quot;&quot;,&quot;orientation&quot;:&quot;0&quot;}\" data-image-title=\"panama9\" data-image-description=\"\" data-medium-file=\"https:\/\/nuestrasenoramoratalaz.archimadrid.es\/wp-content\/uploads\/2019\/01\/panama9-300x300.jpg\" data-large-file=\"https:\/\/nuestrasenoramoratalaz.archimadrid.es\/wp-content\/uploads\/2019\/01\/panama9.jpg\" src=\"https:\/\/nuestrasenoramoratalaz.archimadrid.es\/wp-content\/uploads\/2019\/01\/panama9-483x483.jpg\" width=\"483\" height=\"483\" align=\"left\" title=\"panama9\" \/><\/a><\/div><\/div><\/div><div class=\"gallery-row\" style=\"width: 778px; height: 774px;\"><div class=\"gallery-group images-1\" style=\"width: 778px; height: 778px;\"><div class=\"tiled-gallery-item tiled-gallery-item-large\"><a href=\"https:\/\/nuestrasenoramoratalaz.archimadrid.es\/?attachment_id=5907\"><img data-attachment-id=\"5907\" data-orig-file=\"https:\/\/nuestrasenoramoratalaz.archimadrid.es\/wp-content\/uploads\/2019\/01\/lisboa1.jpeg\" data-orig-size=\"1080,1080\" data-comments-opened=\"0\" data-image-meta=\"{&quot;aperture&quot;:&quot;0&quot;,&quot;credit&quot;:&quot;&quot;,&quot;camera&quot;:&quot;&quot;,&quot;caption&quot;:&quot;&quot;,&quot;created_timestamp&quot;:&quot;0&quot;,&quot;copyright&quot;:&quot;&quot;,&quot;focal_length&quot;:&quot;0&quot;,&quot;iso&quot;:&quot;0&quot;,&quot;shutter_speed&quot;:&quot;0&quot;,&quot;title&quot;:&quot;&quot;,&quot;orientation&quot;:&quot;0&quot;}\" data-image-title=\"lisboa1\" data-image-description=\"\" data-medium-file=\"https:\/\/nuestrasenoramoratalaz.archimadrid.es\/wp-content\/uploads\/2019\/01\/lisboa1-300x300.jpeg\" data-large-file=\"https:\/\/nuestrasenoramoratalaz.archimadrid.es\/wp-content\/uploads\/2019\/01\/lisboa1-1024x1024.jpeg\" src=\"https:\/\/nuestrasenoramoratalaz.archimadrid.es\/wp-content\/uploads\/2019\/01\/lisboa1-774x774.jpeg\" width=\"774\" height=\"774\" align=\"left\" title=\"lisboa1\" \/><\/a><\/div><\/div><\/div><\/div><\/p>\n","protected":false},"excerpt":{"rendered":"<p>En esta secci\u00f3n pod\u00e9is encontrar las reuniones del grupo de j\u00f3venes del 2017\/2018. El tema que se ha escogido para profundizar este a\u00f1o es el<\/p>\n","protected":false},"author":6,"featured_media":0,"parent":1417,"menu_order":0,"comment_status":"closed","ping_status":"closed","template":"","meta":{"_monsterinsights_skip_tracking":false,"_monsterinsights_sitenote_active":false,"_monsterinsights_sitenote_note":"","_monsterinsights_sitenote_category":0},"aioseo_notices":[],"_links":{"self":[{"href":"https:\/\/nuestrasenoramoratalaz.archimadrid.es\/index.php?rest_route=\/wp\/v2\/pages\/1421"}],"collection":[{"href":"https:\/\/nuestrasenoramoratalaz.archimadrid.es\/index.php?rest_route=\/wp\/v2\/pages"}],"about":[{"href":"https:\/\/nuestrasenoramoratalaz.archimadrid.es\/index.php?rest_route=\/wp\/v2\/types\/page"}],"author":[{"embeddable":true,"href":"https:\/\/nuestrasenoramoratalaz.archimadrid.es\/index.php?rest_route=\/wp\/v2\/users\/6"}],"replies":[{"embeddable":true,"href":"https:\/\/nuestrasenoramoratalaz.archimadrid.es\/index.php?rest_route=%2Fwp%2Fv2%2Fcomments&post=1421"}],"version-history":[{"count":7,"href":"https:\/\/nuestrasenoramoratalaz.archimadrid.es\/index.php?rest_route=\/wp\/v2\/pages\/1421\/revisions"}],"predecessor-version":[{"id":5909,"href":"https:\/\/nuestrasenoramoratalaz.archimadrid.es\/index.php?rest_route=\/wp\/v2\/pages\/1421\/revisions\/5909"}],"up":[{"embeddable":true,"href":"https:\/\/nuestrasenoramoratalaz.archimadrid.es\/index.php?rest_route=\/wp\/v2\/pages\/1417"}],"wp:attachment":[{"href":"https:\/\/nuestrasenoramoratalaz.archimadrid.es\/index.php?rest_route=%2Fwp%2Fv2%2Fmedia&parent=1421"}],"curies":[{"name":"wp","href":"https:\/\/api.w.org\/{rel}","templated":true}]}}