{"id":159,"date":"2015-03-21T14:10:27","date_gmt":"2015-03-21T14:10:27","guid":{"rendered":"http:\/\/nuestrasenoramoratalaz.archimadrid.es\/?page_id=159"},"modified":"2023-10-19T19:03:39","modified_gmt":"2023-10-19T17:03:39","slug":"sacerdotes","status":"publish","type":"page","link":"https:\/\/nuestrasenoramoratalaz.archimadrid.es\/?page_id=159","title":{"rendered":"Sacerdotes"},"content":{"rendered":"<table>\n<tbody>\n<tr>\n<td><em><strong><a href=\"https:\/\/nuestrasenoramoratalaz.archimadrid.es\/wp-content\/uploads\/2018\/10\/Jose-Mar\u00eda-Oviedo-Valencia.jpg\"><img loading=\"lazy\" class=\"alignnone wp-image-5274\" src=\"https:\/\/nuestrasenoramoratalaz.archimadrid.es\/wp-content\/uploads\/2018\/10\/Jose-Mar\u00eda-Oviedo-Valencia-300x300.jpg\" alt=\"\" width=\"200\" height=\"200\" srcset=\"https:\/\/nuestrasenoramoratalaz.archimadrid.es\/wp-content\/uploads\/2018\/10\/Jose-Mar\u00eda-Oviedo-Valencia-300x300.jpg 300w, https:\/\/nuestrasenoramoratalaz.archimadrid.es\/wp-content\/uploads\/2018\/10\/Jose-Mar\u00eda-Oviedo-Valencia-150x150.jpg 150w, https:\/\/nuestrasenoramoratalaz.archimadrid.es\/wp-content\/uploads\/2018\/10\/Jose-Mar\u00eda-Oviedo-Valencia.jpg 640w\" sizes=\"(max-width: 200px) 100vw, 200px\" \/><\/a><\/strong><\/em><\/td>\n<td><strong>Jos\u00e9 Mar\u00eda<\/strong><\/td>\n<td><strong>OVIEDO VALENCIA<\/strong><\/td>\n<td>P\u00e1rroco<\/td>\n<\/tr>\n<tr>\n<td><em><strong><a href=\"https:\/\/nuestrasenoramoratalaz.archimadrid.es\/wp-content\/uploads\/2015\/03\/JaviMoya-e1507478369801.jpg\"><img loading=\"lazy\" class=\"alignnone wp-image-1655\" src=\"https:\/\/nuestrasenoramoratalaz.archimadrid.es\/wp-content\/uploads\/2015\/03\/JaviMoya-200x300.jpg\" alt=\"\" width=\"200\" height=\"300\"><\/a><\/strong><\/em><\/td>\n<td><strong>Javier<\/strong><\/td>\n<td><a href=\"https:\/\/www.archimadrid.org\/index.php\/notas-de-prensa\/listid-22\/mailid-907-ndp-el-cardenal-osoro-ordena-a-15-nuevos-presbiteros\"><strong>MOYA RIPOLL<\/strong><\/a><\/td>\n<td>Vicario parroquial<\/td>\n<\/tr>\n<\/tbody>\n<\/table>\n","protected":false},"excerpt":{"rendered":"<p>Jos\u00e9 Mar\u00eda OVIEDO VALENCIA P\u00e1rroco Javier MOYA RIPOLL Vicario parroquial<\/p>\n","protected":false},"author":5,"featured_media":0,"parent":6425,"menu_order":1,"comment_status":"closed","ping_status":"closed","template":"","meta":{"_monsterinsights_skip_tracking":false,"_monsterinsights_sitenote_active":false,"_monsterinsights_sitenote_note":"","_monsterinsights_sitenote_category":0},"aioseo_notices":[],"_links":{"self":[{"href":"https:\/\/nuestrasenoramoratalaz.archimadrid.es\/index.php?rest_route=\/wp\/v2\/pages\/159"}],"collection":[{"href":"https:\/\/nuestrasenoramoratalaz.archimadrid.es\/index.php?rest_route=\/wp\/v2\/pages"}],"about":[{"href":"https:\/\/nuestrasenoramoratalaz.archimadrid.es\/index.php?rest_route=\/wp\/v2\/types\/page"}],"author":[{"embeddable":true,"href":"https:\/\/nuestrasenoramoratalaz.archimadrid.es\/index.php?rest_route=\/wp\/v2\/users\/5"}],"replies":[{"embeddable":true,"href":"https:\/\/nuestrasenoramoratalaz.archimadrid.es\/index.php?rest_route=%2Fwp%2Fv2%2Fcomments&post=159"}],"version-history":[{"count":40,"href":"https:\/\/nuestrasenoramoratalaz.archimadrid.es\/index.php?rest_route=\/wp\/v2\/pages\/159\/revisions"}],"predecessor-version":[{"id":7763,"href":"https:\/\/nuestrasenoramoratalaz.archimadrid.es\/index.php?rest_route=\/wp\/v2\/pages\/159\/revisions\/7763"}],"up":[{"embeddable":true,"href":"https:\/\/nuestrasenoramoratalaz.archimadrid.es\/index.php?rest_route=\/wp\/v2\/pages\/6425"}],"wp:attachment":[{"href":"https:\/\/nuestrasenoramoratalaz.archimadrid.es\/index.php?rest_route=%2Fwp%2Fv2%2Fmedia&parent=159"}],"curies":[{"name":"wp","href":"https:\/\/api.w.org\/{rel}","templated":true}]}}