{"id":1706,"date":"2017-10-09T10:57:37","date_gmt":"2017-10-09T08:57:37","guid":{"rendered":"http:\/\/nuestrasenoramoratalaz.archimadrid.es\/?page_id=1706"},"modified":"2017-11-09T21:05:51","modified_gmt":"2017-11-09T20:05:51","slug":"desarrollo","status":"publish","type":"page","link":"https:\/\/nuestrasenoramoratalaz.archimadrid.es\/?page_id=1706","title":{"rendered":"DESARROLLO"},"content":{"rendered":"<p style=\"text-align: center;\"><i><b>DISCURSO DEL SANTO PADRE JUAN PABLO II<\/b><\/i><br \/>\n<i><b>A LOS J\u00d3VENES REUNIDOS EN BUENOS AIRES<\/b><\/i><br \/>\n<i><b>PARA LA JORNADA MUNDIAL DE LA JUVENTUD 1987<\/b><\/i><\/p>\n<p><b>II \u201c<\/b><i><b>Lev\u00e1ntate y anda<\/b><\/i><b>\u201d (<\/b><b><i>Mt<\/i><\/b><b> 4, 16)<\/b><\/p>\n<p>[&#8230;] <span style=\"color: #000000; font-family: Tahoma, Verdana, Segoe, sans-serif; font-size: 14.6667px; font-style: normal; font-variant-ligatures: normal; font-variant-caps: normal; font-weight: normal; letter-spacing: normal; orphans: 2; text-align: -webkit-left; text-indent: 0px; text-transform: none; white-space: normal; widows: 2; word-spacing: 0px; -webkit-text-stroke-width: 0px; background-color: #ffffff; text-decoration-style: initial; text-decoration-color: initial; display: inline !important; float: none;\">\u00a1Am\u00e9rica Latina: s\u00e9 tu misma! <\/span>[&#8230;] En estas palabras, he querido expresar tambi\u00e9n por qu\u00e9 es Am\u00e9rica Latina el \u201ccontinente de la esperanza\u201d: por la fidelidad a Cristo, que este continente expresa en la gran mayor\u00eda de sus habitantes, por su fidelidad a la \u00fanica esperanza, que es la cruz de Cristo. [&#8230;] Una esperanza que es \u00fanica y <i style=\"font-size: 16px;\">universal<\/i><span style=\"font-size: 16px;\">. Dios Padre, en efecto, quiso que en Cristo \u201chabitase toda la plenitud. Y quiso tambi\u00e9n, por medio de \u00c9l, reconciliar consigo todas las cosas, tanto las de la tierra como las del cielo, pacific\u00e1ndolas por la sangre de su cruz\u201d (<\/span><i style=\"font-size: 16px;\">Col<\/i><span style=\"font-size: 16px;\"> 1, 19-20)<\/span> [&#8230;]<\/p>\n<p>Hoy preside este encuentro la gran cruz que encabez\u00f3 todas las ceremonias del A\u00f1o Santo de la Redenci\u00f3n, y que el Domingo de Resurrecci\u00f3n entregu\u00e9 a un grupo de j\u00f3venes, dici\u00e9ndoles: \u201cQuerid\u00edsimos j\u00f3venes, al final del A\u00f1o Santo os conf\u00edo el signo mismo de este A\u00f1o Jubilar. \u00a1La cruz de Cristo! Llevada por el mundo como se\u00f1al del amor de nuestro Se\u00f1or Jesucristo a la humanidad, y anunciad a todos que s\u00f3lo en Cristo muerto y resucitado est\u00e1 la salvaci\u00f3n y la redenci\u00f3n\u201d. Al dirigirme ahora a vosotros, j\u00f3venes latinoamericanos, quiero recordaros que sois \u2013a la sombra de la cruz de Cristo\u2013 protagonistas de una doble esperanza: por vuestra <i>juventud<\/i>, esperanza de la Iglesia; y por ser de <i>Latinoam\u00e9rica<\/i>, continente de la esperanza. Y todo ello os confiere una particular responsabilidad, ante la Iglesia y ante toda la humanidad. \u00a1Espero mucho de vosotros!<\/p>\n<p><img loading=\"lazy\" class=\"aligncenter\" src=\"http:\/\/media02.radiovaticana.va\/photo\/2017\/04\/03\/RV24574_Articolo.jpg\" alt=\"Resultado de imagen de cruz de los jovenes jmj mexico 2017\" width=\"640\" height=\"453\" \/><\/p>\n<p>Espero, sobre todo, que renov\u00e9is vuestra fidelidad a Jesucristo y a su cruz redentora. Pensad, en primer lugar, que ese mismo sacrificio redentor de Cristo se actualiza sacramentalmente en cada Misa que se celebra, quiz\u00e1s muy cerca de vuestros lugares de estudio y de trabajo. <u><b>No es Jes\u00fas, por tanto, Alguien que ha dejado de actuar en nuestra historia. \u00a1No! \u00a1\u00c9l vive! Y contin\u00faa busc\u00e1ndonos a cada uno para que nos unamos a El cada d\u00eda en la Eucarist\u00eda, tambi\u00e9n, si es posible, acerc\u00e1ndonos \u2013con el alma en gracia, limpia de todo pecado mortal\u2013 a la comuni\u00f3n.<\/b><\/u><\/p>\n<p>Pensad tambi\u00e9n en aquellas serias palabras que el Se\u00f1or dirigi\u00f3 a sus disc\u00edpulos: \u201cSi alguno quiere venir en pos de m\u00ed, ni\u00e9guese a s\u00ed mismo, tome su cruz cada d\u00eda y s\u00edgame\u201d (<i>Lc<\/i> 9, 23). Quiero haceros notar que esa <i>cruz de cada d\u00eda <\/i>es especialmente vuestra lucha cotidiana por ser buenos cristianos, que os hace colaboradores en la obra de la redenci\u00f3n de Cristo; de esta manera, contribu\u00eds a llevar a cabo la reconciliaci\u00f3n de todos los hombres y de toda la creaci\u00f3n con Dios. Es un hermoso programa de vida, pero que exige generosidad. Considerad entonces c\u00f3mo ha de ser vuestra vida; porque si Cristo nos ha redimido <i>muriendo<\/i> en un madero, no ser\u00eda coherente que vosotros le respondierais con una vida mediocre. Se requiere esfuerzo, sacrificio, tenacidad; sentir el cansancio de esa cruz que pesa sobre nuestras espaldas diariamente.<\/p>\n<p>Pensad que esa donaci\u00f3n de s\u00ed mismo exige la <i>abnegaci\u00f3n<\/i>, la negaci\u00f3n de nosotros mismos y la afirmaci\u00f3n del designio salvador del Padre. Exige gastar la vida, hasta perderla si es preciso, por Cristo. Son \u00e9stos, en efecto, los t\u00e9rminos en que Cristo se dirige a cada uno de nosotros: \u201cQuien quiera salvar su vida la perder\u00e1; pero quien pierda la vida por m\u00ed, \u00e9se la salvar\u00e1\u201d (<i>Lc<\/i> 9, 24). Quien se dedica s\u00f3lo a sus propios gustos o ambiciones, por muy nobles que a primera vista pudieran parecer, estar\u00eda queriendo <i>salvar su vida<\/i> y. por tanto, alej\u00e1ndose de Cristo. Hab\u00e9is de actuar entonces como Jes\u00fas en la cruz, con ese amor supremo del que da \u201cla vida por los amigos\u201d (<i>Jn<\/i> 15, 13). \u00a1Agrandad vuestro coraz\u00f3n! Sentid las necesidades de todos los hombres, especialmente de los m\u00e1s indigentes; tened ante vuestros ojos todas las formas de miseria \u2013material y espiritual\u2013 que padecen vuestros pa\u00edses y la humanidad entera; y dedicaos luego a buscar y poner por obra soluciones reales, solidarias, radicales, a todos esos males. Pero buscad, sobre todo, servir a los hombres como Dios quiere que sean servidos, sin buscar en ello s\u00f3lo la recompensa o dejados llevar por intereses ego\u00edstas.<\/p>\n<p>Os pido, pues, en nombre del Se\u00f1or, que renov\u00e9is hoy esa <i>fidelidad a Cristo<\/i> que hace de vuestra tierra el \u201ccontinente de la esperanza\u201d. He querido se\u00f1alaros los ejes de ese compromiso con Cristo: la Eucarist\u00eda, el sacrificio en vuestra conducta cotidiana, la abnegaci\u00f3n de la propia persona.<\/p>\n<p>Os acompa\u00f1e Mar\u00eda, Esperanza nuestra, la Virgen de Guadalupe, Patrona de Am\u00e9rica Latina.<\/p>\n<p><img loading=\"lazy\" class=\"aligncenter\" src=\"https:\/\/catedraldeescuintla.com\/wp-content\/uploads\/Nuestra-Se%C3%B1ora-de-Guadalupe.jpg\" alt=\"Resultado de imagen de virgen de guadalupe\" width=\"620\" height=\"350\" \/><\/p>\n<p><iframe loading=\"lazy\" title=\"Francisco a sacerdotes y religiosos: Basta con el &#039;cuento chino&#039; de la falta de vocaciones\" width=\"783\" height=\"440\" src=\"https:\/\/www.youtube.com\/embed\/qoMPOy5Nv-Q?feature=oembed\" frameborder=\"0\" allow=\"accelerometer; autoplay; clipboard-write; encrypted-media; gyroscope; picture-in-picture\" allowfullscreen><\/iframe><\/p>\n<p><iframe loading=\"lazy\" title=\"Jeep | Jeep Compass - &quot;Recalculando&quot; (Spot 1&#039;)\" width=\"783\" height=\"440\" src=\"https:\/\/www.youtube.com\/embed\/R6BXCbolY30?feature=oembed\" frameborder=\"0\" allow=\"accelerometer; autoplay; clipboard-write; encrypted-media; gyroscope; picture-in-picture\" allowfullscreen><\/iframe><\/p>\n","protected":false},"excerpt":{"rendered":"<p>DISCURSO DEL SANTO PADRE JUAN PABLO II A LOS J\u00d3VENES REUNIDOS EN BUENOS AIRES PARA LA JORNADA MUNDIAL DE LA JUVENTUD 1987 II \u201cLev\u00e1ntate y<\/p>\n","protected":false},"author":6,"featured_media":0,"parent":1494,"menu_order":1,"comment_status":"closed","ping_status":"closed","template":"","meta":{"_monsterinsights_skip_tracking":false,"_monsterinsights_sitenote_active":false,"_monsterinsights_sitenote_note":"","_monsterinsights_sitenote_category":0},"aioseo_notices":[],"_links":{"self":[{"href":"https:\/\/nuestrasenoramoratalaz.archimadrid.es\/index.php?rest_route=\/wp\/v2\/pages\/1706"}],"collection":[{"href":"https:\/\/nuestrasenoramoratalaz.archimadrid.es\/index.php?rest_route=\/wp\/v2\/pages"}],"about":[{"href":"https:\/\/nuestrasenoramoratalaz.archimadrid.es\/index.php?rest_route=\/wp\/v2\/types\/page"}],"author":[{"embeddable":true,"href":"https:\/\/nuestrasenoramoratalaz.archimadrid.es\/index.php?rest_route=\/wp\/v2\/users\/6"}],"replies":[{"embeddable":true,"href":"https:\/\/nuestrasenoramoratalaz.archimadrid.es\/index.php?rest_route=%2Fwp%2Fv2%2Fcomments&post=1706"}],"version-history":[{"count":12,"href":"https:\/\/nuestrasenoramoratalaz.archimadrid.es\/index.php?rest_route=\/wp\/v2\/pages\/1706\/revisions"}],"predecessor-version":[{"id":2007,"href":"https:\/\/nuestrasenoramoratalaz.archimadrid.es\/index.php?rest_route=\/wp\/v2\/pages\/1706\/revisions\/2007"}],"up":[{"embeddable":true,"href":"https:\/\/nuestrasenoramoratalaz.archimadrid.es\/index.php?rest_route=\/wp\/v2\/pages\/1494"}],"wp:attachment":[{"href":"https:\/\/nuestrasenoramoratalaz.archimadrid.es\/index.php?rest_route=%2Fwp%2Fv2%2Fmedia&parent=1706"}],"curies":[{"name":"wp","href":"https:\/\/api.w.org\/{rel}","templated":true}]}}