{"id":1819,"date":"2017-10-18T23:49:29","date_gmt":"2017-10-18T21:49:29","guid":{"rendered":"http:\/\/nuestrasenoramoratalaz.archimadrid.es\/?page_id=1819"},"modified":"2018-04-08T15:00:23","modified_gmt":"2018-04-08T13:00:23","slug":"sesion-4-acordes","status":"publish","type":"page","link":"https:\/\/nuestrasenoramoratalaz.archimadrid.es\/?page_id=1819","title":{"rendered":"04 \u2013 ACORDES"},"content":{"rendered":"<p>En esta sesi\u00f3n hemos aprendido a tocar los acordes: DO, LAm, REm, MI y SI7.<\/p>\n<p>Despu\u00e9s los hemos puesto en pr\u00e1ctica con las siguientes secuencias:<\/p>\n<ul>\n<li>DO &#8211; SOL &#8211; LAm &#8211; LAm<\/li>\n<li>DO &#8211; SOL &#8211; LAm &#8211; MIm &#8211; REm &#8211; SOL<\/li>\n<\/ul>\n<p>Por \u00faltimo hemos visto la canci\u00f3n Rendid a Yaveh:<\/p>\n<p><b><u>Rendid a Yahv\u00e9<\/u><\/b><\/p>\n<pre>MI\u00a0\u00a0\u00a0\u00a0\u00a0\u00a0\u00a0\u00a0\u00a0\u00a0\u00a0MI\u00a0\u00a0\u00a0\u00a0\u00a0\u00a0\u00a0LA\r\n\r\nRendid a Yahv\u00e9 santos del Se\u00f1or,\r\n\r\nLA\u00a0\u00a0\u00a0\u00a0\u00a0\u00a0\u00a0\u00a0\u00a0MI\u00a0\u00a0\u00a0\u00a0\u00a0\u00a0\u00a0\u00a0\u00a0\u00a0MI\u00a0\u00a0\u00a0\u00a0\u00a0 \u00a0\u00a0\u00a0\u00a0SI7\r\n\r\ngloria y poder, al que hace la creaci\u00f3n.\r\n\r\nSI7\u00a0\u00a0\u00a0\u00a0\u00a0\u00a0\u00a0MI\u00a0\u00a0\u00a0\u00a0\u00a0\u00a0\u00a0\u00a0MI\u00a0\u00a0\u00a0\u00a0\u00a0\u00a0\u00a0\u00a0\u00a0\u00a0 LA\r\n\r\nRendid honor al glorioso nombre del Se\u00f1or\r\n\r\nLA\u00a0\u00a0\u00a0MI\u00a0\u00a0\u00a0\u00a0\u00a0\u00a0 \u00a0\u00a0\u00a0\u00a0SI7\u00a0\u00a0\u00a0\u00a0\u00a0\u00a0\u00a0 \u00a0MI\r\n\r\ny alabadlo en su santo esplendor.\r\n\r\n            MI\u00a0\u00a0\u00a0\u00a0\u00a0\u00a0LA\u00a0\u00a0\u00a0\u00a0\u00a0 \u00a0\u00a0MI\r\n\r\n<strong>Sobre los mares resuena la voz de Dios.<\/strong>\r\n\r\n  \u00a0\u00a0\u00a0\u00a0\u00a0\u00a0\u00a0\u00a0\u00a0\u00a0MI\u00a0\u00a0\u00a0\u00a0\u00a0\u00a0\u00a0\u00a0\u00a0\u00a0LA \u00a0\u00a0\u00a0\u00a0\u00a0\u00a0SI7\r\n\r\n<strong>Glorioso es Dios, su voz hace temblar.<\/strong>\r\n\r\n   \u00a0\u00a0\u00a0\u00a0   MI\u00a0\u00a0\u00a0\u00a0\u00a0\u00a0\u00a0\u00a0 LA\u00a0\u00a0\u00a0\u00a0\u00a0\u00a0\u00a0MI\r\n\r\n<strong>\u00a1Que poderosa es la voz del Alt\u00edsimo!<\/strong>\r\n\r\n  \u00a0\u00a0\u00a0\u00a0\u00a0LA\r\n\r\n<strong>\u00a1Aleluia!<\/strong>\r\n\r\n  \u00a0\u00a0\u00a0\u00a0\u00a0\u00a0\u00a0SI7\u00a0\u00a0\u00a0\u00a0           \u00a0\u00a0\u00a0MI\r\n\r\n<strong>Su voz decuaja los cedros del L\u00edbano.<\/strong>\r\n\r\n  \u00a0\u00a0\u00a0\u00a0LA\r\n\r\n<strong>\u00a1Aleluia!<\/strong>\r\n\r\n  \u00a0\u00a0\u00a0\u00a0\u00a0\u00a0\u00a0\u00a0\u00a0\u00a0\u00a0SI7\u00a0\u00a0\u00a0\u00a0\u00a0    \u00a0\u00a0\u00a0\u00a0\u00a0\u00a0\u00a0\u00a0 MI\r\n\r\n<strong>La voz del Se\u00f1or lanza llamas de fuego<\/strong>\r\n\r\n  \u00a0\u00a0\u00a0\u00a0 LA\r\n\r\n<strong>\u00a1Aleluia!<\/strong>\r\n\r\n \u00a0\u00a0\u00a0\u00a0\u00a0\u00a0\u00a0\u00a0\u00a0\u00a0\u00a0SI7\u00a0\u00a0       \u00a0\u00a0\u00a0\u00a0\u00a0\u00a0\u00a0\u00a0 MI\r\n\r\n<strong>Sacude los bosques la voz del Alt\u00edsimo.<\/strong>\r\n\r\n  \u00a0\u00a0\u00a0\u00a0LA\r\n\r\n<strong>\u00a1Aleluia!<\/strong>\r\n\r\n  \u00a0\u00a0\u00a0\u00a0\u00a0\u00a0\u00a0\u00a0\u00a0\u00a0SI7\u00a0\u00a0\u00a0\u00a0\u00a0\u00a0\u00a0\u00a0\u00a0\u00a0\u00a0\u00a0\u00a0MI\r\n\r\n<strong>Y en su santuario gritan: \u00a1Gloria!<\/strong>\r\n\r\nSentado est\u00e1 Dios sobre la tempestad.\r\n\r\nSentado est\u00e1 Yahv\u00e9, cual Rey eterno.\r\n\r\nLa fuerza da al que pone su confianza en El.\r\n\r\nYahv\u00e9 bendice a su pueblo con paz.\r\n<\/pre>\n<p><u>Canci\u00f3n de Rendid a Yahv\u00e9:<\/u><\/p>\n<p><iframe loading=\"lazy\" title=\"Rendid a Yahv\u00e9 - Romina Di Benedetti (Cover)\" width=\"783\" height=\"440\" src=\"https:\/\/www.youtube.com\/embed\/SIqIlUe8GrQ?feature=oembed\" frameborder=\"0\" allow=\"accelerometer; autoplay; clipboard-write; encrypted-media; gyroscope; picture-in-picture\" allowfullscreen><\/iframe><\/p>\n","protected":false},"excerpt":{"rendered":"<p>En esta sesi\u00f3n hemos aprendido a tocar los acordes: DO, LAm, REm, MI y SI7. Despu\u00e9s los hemos puesto en pr\u00e1ctica con las siguientes secuencias:<\/p>\n","protected":false},"author":6,"featured_media":0,"parent":1724,"menu_order":3,"comment_status":"closed","ping_status":"closed","template":"","meta":{"_monsterinsights_skip_tracking":false,"_monsterinsights_sitenote_active":false,"_monsterinsights_sitenote_note":"","_monsterinsights_sitenote_category":0},"aioseo_notices":[],"_links":{"self":[{"href":"https:\/\/nuestrasenoramoratalaz.archimadrid.es\/index.php?rest_route=\/wp\/v2\/pages\/1819"}],"collection":[{"href":"https:\/\/nuestrasenoramoratalaz.archimadrid.es\/index.php?rest_route=\/wp\/v2\/pages"}],"about":[{"href":"https:\/\/nuestrasenoramoratalaz.archimadrid.es\/index.php?rest_route=\/wp\/v2\/types\/page"}],"author":[{"embeddable":true,"href":"https:\/\/nuestrasenoramoratalaz.archimadrid.es\/index.php?rest_route=\/wp\/v2\/users\/6"}],"replies":[{"embeddable":true,"href":"https:\/\/nuestrasenoramoratalaz.archimadrid.es\/index.php?rest_route=%2Fwp%2Fv2%2Fcomments&post=1819"}],"version-history":[{"count":18,"href":"https:\/\/nuestrasenoramoratalaz.archimadrid.es\/index.php?rest_route=\/wp\/v2\/pages\/1819\/revisions"}],"predecessor-version":[{"id":2580,"href":"https:\/\/nuestrasenoramoratalaz.archimadrid.es\/index.php?rest_route=\/wp\/v2\/pages\/1819\/revisions\/2580"}],"up":[{"embeddable":true,"href":"https:\/\/nuestrasenoramoratalaz.archimadrid.es\/index.php?rest_route=\/wp\/v2\/pages\/1724"}],"wp:attachment":[{"href":"https:\/\/nuestrasenoramoratalaz.archimadrid.es\/index.php?rest_route=%2Fwp%2Fv2%2Fmedia&parent=1819"}],"curies":[{"name":"wp","href":"https:\/\/api.w.org\/{rel}","templated":true}]}}