{"id":2092,"date":"2017-12-11T23:15:36","date_gmt":"2017-12-11T22:15:36","guid":{"rendered":"http:\/\/nuestrasenoramoratalaz.archimadrid.es\/?page_id=2092"},"modified":"2017-12-11T23:20:29","modified_gmt":"2017-12-11T22:20:29","slug":"desarrollo","status":"publish","type":"page","link":"https:\/\/nuestrasenoramoratalaz.archimadrid.es\/?page_id=2092","title":{"rendered":"DESARROLLO"},"content":{"rendered":"<p><strong>La oraci\u00f3n<\/strong>\u00a0constituye, podr\u00edamos decir, el centro la vida cristiana, pues todo lo que conocemos de Dios nace siempre de una iniciativa de\u00a0 amor que quiere comunicarse y darse a entender a nosotros como un Padre deseoso de amarnos y de estar con nosotros (ver el Catecismo de la Iglesia Cat\u00f3lica #27).<\/p>\n<p>S\u00ed, es cierto, somos fruto de un desbordamiento de su amor y eso que \u00c9l siente por nosotros es incalculable, insondeable, inimaginable. Sin miedo podemos afirmar que tambi\u00e9n nosotros queremos amarlo, que lo necesitamos mucho; sin embargo, \u00bfc\u00f3mo acercarnos a \u00c9l?\u00a0<strong>\u00bfC\u00f3mo lograr degustar cu\u00e1n bueno es?<\/strong>\u00a0La respuesta no es tan compleja. Hay una clave en particular: la vida de oraci\u00f3n.<\/p>\n<p>Recordemos por un momento cu\u00e1ntos santos han experimentado una plenitud incre\u00edble solo con tener\u00a0<a href=\"https:\/\/catholic-link.com\/cuerpo-estorbe-rezas-7-posturas-corporales-encuentro-dios\/\">h\u00e1bitos y disciplinas espirituales<\/a>\u00a0basadas en escuchar y pasar rato con Dios. Ellos contaron con las mismas herramientas que nosotros, los mismos sacramentos, el mismo Padre enamorado y el mismo llamado a la felicidad sin fin. Partiendo de este principio los queremos<strong>\u00a0animar a perseverar en la oraci\u00f3n d\u00e1ndoles estos\u00a0<\/strong><strong>5 sencillos consejos.<\/strong><\/p>\n<h2><strong>1. Comienza<\/strong><\/h2>\n<p><a href=\"https:\/\/nuestrasenoramoratalaz.archimadrid.es\/wp-content\/uploads\/2017\/12\/1-dic.jpg\"><img loading=\"lazy\" class=\"size-medium wp-image-2095 aligncenter\" src=\"https:\/\/nuestrasenoramoratalaz.archimadrid.es\/wp-content\/uploads\/2017\/12\/1-dic-300x225.jpg\" alt=\"\" width=\"300\" height=\"225\" srcset=\"https:\/\/nuestrasenoramoratalaz.archimadrid.es\/wp-content\/uploads\/2017\/12\/1-dic-300x225.jpg 300w, https:\/\/nuestrasenoramoratalaz.archimadrid.es\/wp-content\/uploads\/2017\/12\/1-dic-768x576.jpg 768w, https:\/\/nuestrasenoramoratalaz.archimadrid.es\/wp-content\/uploads\/2017\/12\/1-dic.jpg 800w\" sizes=\"(max-width: 300px) 100vw, 300px\" \/><\/a><\/p>\n<p>Crear un h\u00e1bito es lo m\u00e1s complejo de todo, sobre todo el comienzo. Pero, como nos ha dicho el papa Francisco,\u00a0<strong>el camino se hace caminando.<\/strong>\u00a0Para crear un h\u00e1bito tienes que iniciar eliminando la palabra \u201cganas\u201d de tu diccionario. A veces esperamos que de nosotros brote un deseo ardiente por la oraci\u00f3n, y\u00a0 s\u00ed, eso puede ocurrir, pero de seguro no siempre. Ya nos ha dicho Jes\u00fas que \u00abel esp\u00edritu es decidido pero la carne es d\u00e9bil\u00bb (Cf. Mt 2, 41).<\/p>\n<p>Nuestro esp\u00edritu lo \u00fanico que anhela es encontrarse con Dios, pero el obst\u00e1culo es nuestra carne: la pereza (ella preferir\u00eda hacer cosas diferentes a estar orando) (Cf. Gal 5 19, 21) sin embargo tenemos la certeza de que Dios nos da la fuerza para sobreponernos. No creamos que \u00c9l nos va a pedir lo que para nosotros es imposible, pero precisamente, como existen distintas tentaciones debemos tomar la vida espiritual con mucha seriedad y madurez. Poner alarmas en tu tel\u00e9fono m\u00f3vil puede servir. \u00a1No olvides comenzar de a poco e ir aumentando, podr\u00edas pasar de 5 minutos, a varias horas diarias!<\/p>\n<p>En todo caso lo m\u00e1s importante es que no dejes de perseverar aunque tengas tiempos donde no sientas nada, conserva la calma que Dios est\u00e1 al mando. Pide al Esp\u00edritu Santo la gracia de perseverar y haz tu parte de la mejor manera: poner tiempo y voluntad. Si pierdes el h\u00e1bito encu\u00e9ntralo de nuevo.\u00a0<strong>No te rindas, ese deseo de santidad te llevar\u00e1 a la meta propuesta.<\/strong><\/p>\n<h2><strong>2. Utiliza\u00a0recursos\u00a0<\/strong><\/h2>\n<p><a href=\"https:\/\/nuestrasenoramoratalaz.archimadrid.es\/wp-content\/uploads\/2017\/12\/2-dic.jpg\"><img loading=\"lazy\" class=\"size-medium wp-image-2096 aligncenter\" src=\"https:\/\/nuestrasenoramoratalaz.archimadrid.es\/wp-content\/uploads\/2017\/12\/2-dic-300x225.jpg\" alt=\"\" width=\"300\" height=\"225\" srcset=\"https:\/\/nuestrasenoramoratalaz.archimadrid.es\/wp-content\/uploads\/2017\/12\/2-dic-300x225.jpg 300w, https:\/\/nuestrasenoramoratalaz.archimadrid.es\/wp-content\/uploads\/2017\/12\/2-dic-768x576.jpg 768w, https:\/\/nuestrasenoramoratalaz.archimadrid.es\/wp-content\/uploads\/2017\/12\/2-dic.jpg 800w\" sizes=\"(max-width: 300px) 100vw, 300px\" \/><\/a><\/p>\n<p>Algo que puede ayudarnos mucho, y m\u00e1s a\u00fan en esta era digital, son los<strong><a href=\"https:\/\/catholic-link.com\/10-apps-catolicas-muy-recomendadas\/\">recursos audiovisuales religiosos<\/a><\/strong>\u00a0tales como videos, m\u00fasica, audios, etc., material que ayude a nuestro entendimiento y le proponga disposiciones y sentimientos a nuestro coraz\u00f3n y a nuestra imaginaci\u00f3n. Estos recursos se hacen espacio en nuestros sentidos, facilitan la concentraci\u00f3n, ayudan a abrirle las puertas al Esp\u00edritu Santo y nos proporcionan paz. Podemos tener una lista de reproducci\u00f3n que nos ayude en la oraci\u00f3n diaria (\u00e9sta puede contener, desde cantos gregorianos, hasta otras hermosas interpretaciones llenas de una experiencia personal con Dios) tambi\u00e9n puedes\u00a0<strong>suscribirte a un servicio de oraci\u00f3n diaria<\/strong>\u00a0o escuchar audios de reflexiones espirituales del Papa, los obispos, sacerdotes, etc. Ver\u00e1s como la oraci\u00f3n se extiende minuto a minuto sin que lo percibas.<\/p>\n<h2><strong>3. Ambienta un lugar<\/strong><\/h2>\n<p style=\"text-align: center;\"><a href=\"https:\/\/nuestrasenoramoratalaz.archimadrid.es\/wp-content\/uploads\/2017\/12\/3-dic.jpg\"><img loading=\"lazy\" class=\"alignnone size-medium wp-image-2097\" src=\"https:\/\/nuestrasenoramoratalaz.archimadrid.es\/wp-content\/uploads\/2017\/12\/3-dic-300x225.jpg\" alt=\"\" width=\"300\" height=\"225\" srcset=\"https:\/\/nuestrasenoramoratalaz.archimadrid.es\/wp-content\/uploads\/2017\/12\/3-dic-300x225.jpg 300w, https:\/\/nuestrasenoramoratalaz.archimadrid.es\/wp-content\/uploads\/2017\/12\/3-dic-768x576.jpg 768w, https:\/\/nuestrasenoramoratalaz.archimadrid.es\/wp-content\/uploads\/2017\/12\/3-dic.jpg 800w\" sizes=\"(max-width: 300px) 100vw, 300px\" \/><\/a><\/p>\n<p>Concibe tu relaci\u00f3n con Dios como una<a href=\"https:\/\/catholic-link.com\/enojarte-dios-oracion\/\">\u00a0relaci\u00f3n de amor.<\/a>\u00a0Los noviazgos y matrimonios nacen como imagen y semejanza de ese amor.\u00a0<strong>Ambientar tu lugar de oraci\u00f3n ser\u00e1 de gran ayuda,<\/strong>\u00a0puedes utilizar velas, colocar una imagen que contemples o simplemente elegir un lugar apartado en medio de la naturaleza. Preparar todo hace que los detalles cultiven esa relaci\u00f3n de amor. De ti depende, Dios ha puesto en tu coraz\u00f3n deseo, gusto e inclinaciones por ciertas cosas que son para ti bellas, y te hablan de \u00c9l.<\/p>\n<h2><strong>4. Evita la monoton\u00eda<\/strong><\/h2>\n<p style=\"text-align: center;\"><a href=\"https:\/\/nuestrasenoramoratalaz.archimadrid.es\/wp-content\/uploads\/2017\/12\/4-dic.jpg\"><img loading=\"lazy\" class=\"alignnone size-medium wp-image-2098\" src=\"https:\/\/nuestrasenoramoratalaz.archimadrid.es\/wp-content\/uploads\/2017\/12\/4-dic-300x225.jpg\" alt=\"\" width=\"300\" height=\"225\" srcset=\"https:\/\/nuestrasenoramoratalaz.archimadrid.es\/wp-content\/uploads\/2017\/12\/4-dic-300x225.jpg 300w, https:\/\/nuestrasenoramoratalaz.archimadrid.es\/wp-content\/uploads\/2017\/12\/4-dic-768x576.jpg 768w, https:\/\/nuestrasenoramoratalaz.archimadrid.es\/wp-content\/uploads\/2017\/12\/4-dic.jpg 800w\" sizes=\"(max-width: 300px) 100vw, 300px\" \/><\/a><\/p>\n<p>A veces en la vida de oraci\u00f3n todo se vuelve mon\u00f3tono, no porque Dios lo sea, si no porque t\u00fa estas en el proceso de conocerle y de encontrar tu manera de relacionarte con \u00c9l. Esc\u00fachalo a \u00c9l que es la cabeza de la relaci\u00f3n y es generoso en sus maneras de llegar a ti.\u00a0<strong>Permite que el inspire en ti deseos novedosos<\/strong>\u00a0que pueden variar desde una visita al sant\u00edsimo hasta incluir otro tipo de oraciones que hacen parte de la tradici\u00f3n de la Iglesia\u2026 u otro tipo de recursos que no podr\u00edamos enumerar pues brotan de un Dios eterno.<\/p>\n<h2><strong>5. Medita y contempla<\/strong><\/h2>\n<p style=\"text-align: center;\"><a href=\"https:\/\/nuestrasenoramoratalaz.archimadrid.es\/wp-content\/uploads\/2017\/12\/5-dic.jpg\"><img loading=\"lazy\" class=\"alignnone size-medium wp-image-2099\" src=\"https:\/\/nuestrasenoramoratalaz.archimadrid.es\/wp-content\/uploads\/2017\/12\/5-dic-300x225.jpg\" alt=\"\" width=\"300\" height=\"225\" srcset=\"https:\/\/nuestrasenoramoratalaz.archimadrid.es\/wp-content\/uploads\/2017\/12\/5-dic-300x225.jpg 300w, https:\/\/nuestrasenoramoratalaz.archimadrid.es\/wp-content\/uploads\/2017\/12\/5-dic-768x576.jpg 768w, https:\/\/nuestrasenoramoratalaz.archimadrid.es\/wp-content\/uploads\/2017\/12\/5-dic.jpg 800w\" sizes=\"(max-width: 300px) 100vw, 300px\" \/><\/a><\/p>\n<p><strong>Conocer lo que Dios ha hecho con otros puede llegar a ser asombroso y podr\u00eda inspirar lo m\u00e1s profundo de nuestros deseos,<\/strong>\u00a0y es que Dios le ha hablado a su Iglesia desde siempre. La lectura de la Biblia (en especial) y de otros libros espirituales te permitir\u00e1 darte cuenta que el mismo amor que le manifest\u00f3 Dios a algunos tambi\u00e9n te lo puede ense\u00f1ar a ti. No olvides que no se trata del que m\u00e1s ame a Dios sino del que m\u00e1s se deje amar por \u00c9l. Contempla las escenas y permite que Dios te hable.<\/p>\n<p>No te olvides que lo m\u00e1s importante es, a trav\u00e9s de estos medios, hacer el esfuerzo de rezar todos los d\u00edas un ratito; as\u00ed, poco a poco, el deseo de Dios ir\u00e1 creciendo en tu coraz\u00f3n.<\/p>\n<p><iframe loading=\"lazy\" title=\"Santo Padre, ens\u00e9\u00f1anos a rezar - Un minuto con Francisco\" width=\"783\" height=\"440\" src=\"https:\/\/www.youtube.com\/embed\/j0adavwWxNI?feature=oembed\" frameborder=\"0\" allow=\"accelerometer; autoplay; clipboard-write; encrypted-media; gyroscope; picture-in-picture\" allowfullscreen><\/iframe><\/p>\n","protected":false},"excerpt":{"rendered":"<p>La oraci\u00f3n\u00a0constituye, podr\u00edamos decir, el centro la vida cristiana, pues todo lo que conocemos de Dios nace siempre de una iniciativa de\u00a0 amor que quiere<\/p>\n","protected":false},"author":6,"featured_media":0,"parent":2081,"menu_order":1,"comment_status":"closed","ping_status":"closed","template":"","meta":{"_monsterinsights_skip_tracking":false,"_monsterinsights_sitenote_active":false,"_monsterinsights_sitenote_note":"","_monsterinsights_sitenote_category":0},"aioseo_notices":[],"_links":{"self":[{"href":"https:\/\/nuestrasenoramoratalaz.archimadrid.es\/index.php?rest_route=\/wp\/v2\/pages\/2092"}],"collection":[{"href":"https:\/\/nuestrasenoramoratalaz.archimadrid.es\/index.php?rest_route=\/wp\/v2\/pages"}],"about":[{"href":"https:\/\/nuestrasenoramoratalaz.archimadrid.es\/index.php?rest_route=\/wp\/v2\/types\/page"}],"author":[{"embeddable":true,"href":"https:\/\/nuestrasenoramoratalaz.archimadrid.es\/index.php?rest_route=\/wp\/v2\/users\/6"}],"replies":[{"embeddable":true,"href":"https:\/\/nuestrasenoramoratalaz.archimadrid.es\/index.php?rest_route=%2Fwp%2Fv2%2Fcomments&post=2092"}],"version-history":[{"count":3,"href":"https:\/\/nuestrasenoramoratalaz.archimadrid.es\/index.php?rest_route=\/wp\/v2\/pages\/2092\/revisions"}],"predecessor-version":[{"id":2100,"href":"https:\/\/nuestrasenoramoratalaz.archimadrid.es\/index.php?rest_route=\/wp\/v2\/pages\/2092\/revisions\/2100"}],"up":[{"embeddable":true,"href":"https:\/\/nuestrasenoramoratalaz.archimadrid.es\/index.php?rest_route=\/wp\/v2\/pages\/2081"}],"wp:attachment":[{"href":"https:\/\/nuestrasenoramoratalaz.archimadrid.es\/index.php?rest_route=%2Fwp%2Fv2%2Fmedia&parent=2092"}],"curies":[{"name":"wp","href":"https:\/\/api.w.org\/{rel}","templated":true}]}}