{"id":2223,"date":"2018-01-18T23:06:01","date_gmt":"2018-01-18T22:06:01","guid":{"rendered":"http:\/\/nuestrasenoramoratalaz.archimadrid.es\/?page_id=2223"},"modified":"2026-03-24T19:59:02","modified_gmt":"2026-03-24T18:59:02","slug":"campamento","status":"publish","type":"page","link":"https:\/\/nuestrasenoramoratalaz.archimadrid.es\/?page_id=2223","title":{"rendered":"Monitores"},"content":{"rendered":"\n<figure class=\"wp-block-pullquote\"><blockquote><p><em>En esta secci\u00f3n podr\u00e9is encontrar la informaci\u00f3n de las actividades de ocio y tiempo libre, convivencias y campamento.<\/em><\/p><cite>Toda la informaci\u00f3n del campamento la encontrar\u00e1s en su p\u00e1gina:  <a href=\"https:\/\/nuestrasenoramoratalaz.archimadrid.es\/?page_id=7951\" title=\"CAMPAMENTO 2026\">CAMPAMENTO 2026<\/a><\/cite><\/blockquote><\/figure>\n\n\n\n<figure class=\"wp-block-pullquote\"><blockquote><p><strong>Agenda<\/strong><\/p><\/blockquote><\/figure>\n\n\n\n<figure class=\"wp-block-pullquote\"><blockquote><p><strong>Autorizaciones<\/strong><\/p><\/blockquote><\/figure>\n\n\n<div class=\"wp-block-image\">\n<figure class=\"aligncenter\"><a href=\"mailto:monitoresnsm@gmail.com\"><img loading=\"lazy\" width=\"300\" height=\"300\" src=\"https:\/\/nuestrasenoramoratalaz.archimadrid.es\/wp-content\/uploads\/2024\/03\/Diseno-sin-titulo-300x300.png\" alt=\"\" class=\"wp-image-7806\" srcset=\"https:\/\/nuestrasenoramoratalaz.archimadrid.es\/wp-content\/uploads\/2024\/03\/Diseno-sin-titulo-300x300.png 300w, https:\/\/nuestrasenoramoratalaz.archimadrid.es\/wp-content\/uploads\/2024\/03\/Diseno-sin-titulo-1024x1024.png 1024w, https:\/\/nuestrasenoramoratalaz.archimadrid.es\/wp-content\/uploads\/2024\/03\/Diseno-sin-titulo-150x150.png 150w, https:\/\/nuestrasenoramoratalaz.archimadrid.es\/wp-content\/uploads\/2024\/03\/Diseno-sin-titulo-768x768.png 768w, https:\/\/nuestrasenoramoratalaz.archimadrid.es\/wp-content\/uploads\/2024\/03\/Diseno-sin-titulo.png 1080w\" sizes=\"(max-width: 300px) 100vw, 300px\" \/><\/a><\/figure><\/div>","protected":false},"excerpt":{"rendered":"<p>En esta secci\u00f3n podr\u00e9is encontrar la informaci\u00f3n de las actividades de ocio y tiempo libre, convivencias y campamento. Toda la informaci\u00f3n del campamento la encontrar\u00e1s<\/p>\n","protected":false},"author":6,"featured_media":0,"parent":1414,"menu_order":2,"comment_status":"closed","ping_status":"closed","template":"","meta":{"_monsterinsights_skip_tracking":false,"_monsterinsights_sitenote_active":false,"_monsterinsights_sitenote_note":"","_monsterinsights_sitenote_category":0},"aioseo_notices":[],"_links":{"self":[{"href":"https:\/\/nuestrasenoramoratalaz.archimadrid.es\/index.php?rest_route=\/wp\/v2\/pages\/2223"}],"collection":[{"href":"https:\/\/nuestrasenoramoratalaz.archimadrid.es\/index.php?rest_route=\/wp\/v2\/pages"}],"about":[{"href":"https:\/\/nuestrasenoramoratalaz.archimadrid.es\/index.php?rest_route=\/wp\/v2\/types\/page"}],"author":[{"embeddable":true,"href":"https:\/\/nuestrasenoramoratalaz.archimadrid.es\/index.php?rest_route=\/wp\/v2\/users\/6"}],"replies":[{"embeddable":true,"href":"https:\/\/nuestrasenoramoratalaz.archimadrid.es\/index.php?rest_route=%2Fwp%2Fv2%2Fcomments&post=2223"}],"version-history":[{"count":22,"href":"https:\/\/nuestrasenoramoratalaz.archimadrid.es\/index.php?rest_route=\/wp\/v2\/pages\/2223\/revisions"}],"predecessor-version":[{"id":8005,"href":"https:\/\/nuestrasenoramoratalaz.archimadrid.es\/index.php?rest_route=\/wp\/v2\/pages\/2223\/revisions\/8005"}],"up":[{"embeddable":true,"href":"https:\/\/nuestrasenoramoratalaz.archimadrid.es\/index.php?rest_route=\/wp\/v2\/pages\/1414"}],"wp:attachment":[{"href":"https:\/\/nuestrasenoramoratalaz.archimadrid.es\/index.php?rest_route=%2Fwp%2Fv2%2Fmedia&parent=2223"}],"curies":[{"name":"wp","href":"https:\/\/api.w.org\/{rel}","templated":true}]}}