{"id":2339,"date":"2018-02-28T10:06:53","date_gmt":"2018-02-28T09:06:53","guid":{"rendered":"http:\/\/nuestrasenoramoratalaz.archimadrid.es\/?page_id=2339"},"modified":"2018-03-15T12:00:10","modified_gmt":"2018-03-15T11:00:10","slug":"charlas-cuaresmales","status":"publish","type":"page","link":"https:\/\/nuestrasenoramoratalaz.archimadrid.es\/?page_id=2339","title":{"rendered":"CHARLAS CUARESMALES"},"content":{"rendered":"<p>La parroquia Ntra. Sra. de Moratalaz (c\/Entre Arroyos, 19) ha organizado dos charlas cuaresmales. Se impartir\u00e1n los mi\u00e9rcoles 7 y 14 de marzo de 2018, despu\u00e9s de la Misa de las 19:30 horas.<\/p>\n<p>Adem\u00e1s, todos los viernes de Cuaresma, despu\u00e9s de la Misa de las 19:30 horas, dar\u00e1 comienzo la oraci\u00f3n penitencial del v\u00eda crucis.<\/p>\n<p><a href=\"https:\/\/nuestrasenoramoratalaz.archimadrid.es\/wp-content\/uploads\/2018\/02\/cuaresma.jpg\"><img loading=\"lazy\" class=\"alignleft size-large wp-image-2387\" src=\"https:\/\/nuestrasenoramoratalaz.archimadrid.es\/wp-content\/uploads\/2018\/02\/cuaresma-1024x512.jpg\" alt=\"\" width=\"745\" height=\"373\" srcset=\"https:\/\/nuestrasenoramoratalaz.archimadrid.es\/wp-content\/uploads\/2018\/02\/cuaresma-1024x512.jpg 1024w, https:\/\/nuestrasenoramoratalaz.archimadrid.es\/wp-content\/uploads\/2018\/02\/cuaresma-300x150.jpg 300w, https:\/\/nuestrasenoramoratalaz.archimadrid.es\/wp-content\/uploads\/2018\/02\/cuaresma-768x384.jpg 768w, https:\/\/nuestrasenoramoratalaz.archimadrid.es\/wp-content\/uploads\/2018\/02\/cuaresma.jpg 1280w\" sizes=\"(max-width: 745px) 100vw, 745px\" \/><\/a><\/p>\n","protected":false},"excerpt":{"rendered":"<p>La parroquia Ntra. Sra. de Moratalaz (c\/Entre Arroyos, 19) ha organizado dos charlas cuaresmales. Se impartir\u00e1n los mi\u00e9rcoles 7 y 14 de marzo de 2018,<\/p>\n","protected":false},"author":6,"featured_media":0,"parent":2476,"menu_order":0,"comment_status":"closed","ping_status":"closed","template":"","meta":{"_monsterinsights_skip_tracking":false,"_monsterinsights_sitenote_active":false,"_monsterinsights_sitenote_note":"","_monsterinsights_sitenote_category":0},"aioseo_notices":[],"_links":{"self":[{"href":"https:\/\/nuestrasenoramoratalaz.archimadrid.es\/index.php?rest_route=\/wp\/v2\/pages\/2339"}],"collection":[{"href":"https:\/\/nuestrasenoramoratalaz.archimadrid.es\/index.php?rest_route=\/wp\/v2\/pages"}],"about":[{"href":"https:\/\/nuestrasenoramoratalaz.archimadrid.es\/index.php?rest_route=\/wp\/v2\/types\/page"}],"author":[{"embeddable":true,"href":"https:\/\/nuestrasenoramoratalaz.archimadrid.es\/index.php?rest_route=\/wp\/v2\/users\/6"}],"replies":[{"embeddable":true,"href":"https:\/\/nuestrasenoramoratalaz.archimadrid.es\/index.php?rest_route=%2Fwp%2Fv2%2Fcomments&post=2339"}],"version-history":[{"count":2,"href":"https:\/\/nuestrasenoramoratalaz.archimadrid.es\/index.php?rest_route=\/wp\/v2\/pages\/2339\/revisions"}],"predecessor-version":[{"id":2388,"href":"https:\/\/nuestrasenoramoratalaz.archimadrid.es\/index.php?rest_route=\/wp\/v2\/pages\/2339\/revisions\/2388"}],"up":[{"embeddable":true,"href":"https:\/\/nuestrasenoramoratalaz.archimadrid.es\/index.php?rest_route=\/wp\/v2\/pages\/2476"}],"wp:attachment":[{"href":"https:\/\/nuestrasenoramoratalaz.archimadrid.es\/index.php?rest_route=%2Fwp%2Fv2%2Fmedia&parent=2339"}],"curies":[{"name":"wp","href":"https:\/\/api.w.org\/{rel}","templated":true}]}}