{"id":2468,"date":"2018-03-15T09:20:25","date_gmt":"2018-03-15T08:20:25","guid":{"rendered":"http:\/\/nuestrasenoramoratalaz.archimadrid.es\/?page_id=2468"},"modified":"2018-03-15T11:30:55","modified_gmt":"2018-03-15T10:30:55","slug":"18-teoria","status":"publish","type":"page","link":"https:\/\/nuestrasenoramoratalaz.archimadrid.es\/?page_id=2468","title":{"rendered":"18 &#8211; TEORIA"},"content":{"rendered":"<p>En la sesi\u00f3n de hoy hemos visto y practicado los diferentes ritmos para tocar la guitarra.<br \/>\nNos hemos centrado en el aprendizaje del comp\u00e1s de 4\/4, dado que es el comp\u00e1s m\u00e1s habitual en la m\u00fasica occidental.<br \/>\nPara ello, hemos tomado dos compases y los hemos dividido en corcheas. Cada comp\u00e1s de 4\/4 tiene 4 negras, al dividir uno nos quedan 8 corcheas, y al tener dos compases, nos quedan 16 corcheas.<\/p>\n<p>Ahora seleccionaremos qu\u00e9 corcheas tocar y cu\u00e1les dejar en silencio para crear cada ritmo:<\/p>\n<p><a href=\"https:\/\/nuestrasenoramoratalaz.archimadrid.es\/wp-content\/uploads\/2018\/03\/Ritmos.jpg\"><img loading=\"lazy\" class=\"alignnone wp-image-2469 size-full\" src=\"https:\/\/nuestrasenoramoratalaz.archimadrid.es\/wp-content\/uploads\/2018\/03\/Ritmos.jpg\" alt=\"\" width=\"1654\" height=\"2338\" srcset=\"https:\/\/nuestrasenoramoratalaz.archimadrid.es\/wp-content\/uploads\/2018\/03\/Ritmos.jpg 1654w, https:\/\/nuestrasenoramoratalaz.archimadrid.es\/wp-content\/uploads\/2018\/03\/Ritmos-212x300.jpg 212w, https:\/\/nuestrasenoramoratalaz.archimadrid.es\/wp-content\/uploads\/2018\/03\/Ritmos-768x1086.jpg 768w, https:\/\/nuestrasenoramoratalaz.archimadrid.es\/wp-content\/uploads\/2018\/03\/Ritmos-724x1024.jpg 724w\" sizes=\"(max-width: 1654px) 100vw, 1654px\" \/><\/a><\/p>\n<p>Os dejamos los ritmos en el siguiente audio para practicarlos.<\/p>\n<!--[if lt IE 9]><script>document.createElement('audio');<\/script><![endif]-->\n<audio class=\"wp-audio-shortcode\" id=\"audio-2468-1\" preload=\"none\" style=\"width: 100%;\" controls=\"controls\"><source type=\"audio\/mpeg\" src=\"https:\/\/nuestrasenoramoratalaz.archimadrid.es\/wp-content\/uploads\/2018\/03\/AUD-20180315-WA0006.mp3?_=1\" \/><a href=\"https:\/\/nuestrasenoramoratalaz.archimadrid.es\/wp-content\/uploads\/2018\/03\/AUD-20180315-WA0006.mp3\">https:\/\/nuestrasenoramoratalaz.archimadrid.es\/wp-content\/uploads\/2018\/03\/AUD-20180315-WA0006.mp3<\/a><\/audio>\n<p>&nbsp;<\/p>\n","protected":false},"excerpt":{"rendered":"<p>En la sesi\u00f3n de hoy hemos visto y practicado los diferentes ritmos para tocar la guitarra. Nos hemos centrado en el aprendizaje del comp\u00e1s de<\/p>\n","protected":false},"author":6,"featured_media":0,"parent":2418,"menu_order":1,"comment_status":"closed","ping_status":"closed","template":"","meta":{"_monsterinsights_skip_tracking":false,"_monsterinsights_sitenote_active":false,"_monsterinsights_sitenote_note":"","_monsterinsights_sitenote_category":0},"aioseo_notices":[],"_links":{"self":[{"href":"https:\/\/nuestrasenoramoratalaz.archimadrid.es\/index.php?rest_route=\/wp\/v2\/pages\/2468"}],"collection":[{"href":"https:\/\/nuestrasenoramoratalaz.archimadrid.es\/index.php?rest_route=\/wp\/v2\/pages"}],"about":[{"href":"https:\/\/nuestrasenoramoratalaz.archimadrid.es\/index.php?rest_route=\/wp\/v2\/types\/page"}],"author":[{"embeddable":true,"href":"https:\/\/nuestrasenoramoratalaz.archimadrid.es\/index.php?rest_route=\/wp\/v2\/users\/6"}],"replies":[{"embeddable":true,"href":"https:\/\/nuestrasenoramoratalaz.archimadrid.es\/index.php?rest_route=%2Fwp%2Fv2%2Fcomments&post=2468"}],"version-history":[{"count":4,"href":"https:\/\/nuestrasenoramoratalaz.archimadrid.es\/index.php?rest_route=\/wp\/v2\/pages\/2468\/revisions"}],"predecessor-version":[{"id":2474,"href":"https:\/\/nuestrasenoramoratalaz.archimadrid.es\/index.php?rest_route=\/wp\/v2\/pages\/2468\/revisions\/2474"}],"up":[{"embeddable":true,"href":"https:\/\/nuestrasenoramoratalaz.archimadrid.es\/index.php?rest_route=\/wp\/v2\/pages\/2418"}],"wp:attachment":[{"href":"https:\/\/nuestrasenoramoratalaz.archimadrid.es\/index.php?rest_route=%2Fwp%2Fv2%2Fmedia&parent=2468"}],"curies":[{"name":"wp","href":"https:\/\/api.w.org\/{rel}","templated":true}]}}