{"id":2542,"date":"2018-04-05T22:53:08","date_gmt":"2018-04-05T20:53:08","guid":{"rendered":"http:\/\/nuestrasenoramoratalaz.archimadrid.es\/?page_id=2542"},"modified":"2021-04-01T20:41:59","modified_gmt":"2021-04-01T18:41:59","slug":"celebraciones","status":"publish","type":"page","link":"https:\/\/nuestrasenoramoratalaz.archimadrid.es\/?page_id=2542","title":{"rendered":"CELEBRACIONES"},"content":{"rendered":"<ul>\n<li>Semana Santa 2020<\/li>\n<\/ul>\n<p><a href=\"https:\/\/nuestrasenoramoratalaz.archimadrid.es\/wp-content\/uploads\/2021\/04\/IMG-20200412-WA0017.jpg\"><img loading=\"lazy\" class=\"size-large wp-image-7383 aligncenter\" src=\"https:\/\/nuestrasenoramoratalaz.archimadrid.es\/wp-content\/uploads\/2021\/04\/IMG-20200412-WA0017-659x1024.jpg\" alt=\"\" width=\"659\" height=\"1024\" srcset=\"https:\/\/nuestrasenoramoratalaz.archimadrid.es\/wp-content\/uploads\/2021\/04\/IMG-20200412-WA0017-659x1024.jpg 659w, https:\/\/nuestrasenoramoratalaz.archimadrid.es\/wp-content\/uploads\/2021\/04\/IMG-20200412-WA0017-193x300.jpg 193w, https:\/\/nuestrasenoramoratalaz.archimadrid.es\/wp-content\/uploads\/2021\/04\/IMG-20200412-WA0017-768x1193.jpg 768w, https:\/\/nuestrasenoramoratalaz.archimadrid.es\/wp-content\/uploads\/2021\/04\/IMG-20200412-WA0017.jpg 937w\" sizes=\"(max-width: 659px) 100vw, 659px\" \/><\/a><\/p>\n<p><a href=\"https:\/\/nuestrasenoramoratalaz.archimadrid.es\/wp-content\/uploads\/2020\/04\/Domingo-de-Ramos-2020.jpg\"><img loading=\"lazy\" class=\"wp-image-6864 size-large aligncenter\" src=\"https:\/\/nuestrasenoramoratalaz.archimadrid.es\/wp-content\/uploads\/2020\/04\/Domingo-de-Ramos-2020-1024x576.jpg\" alt=\"\" width=\"745\" height=\"419\" srcset=\"https:\/\/nuestrasenoramoratalaz.archimadrid.es\/wp-content\/uploads\/2020\/04\/Domingo-de-Ramos-2020-1024x576.jpg 1024w, https:\/\/nuestrasenoramoratalaz.archimadrid.es\/wp-content\/uploads\/2020\/04\/Domingo-de-Ramos-2020-300x169.jpg 300w, https:\/\/nuestrasenoramoratalaz.archimadrid.es\/wp-content\/uploads\/2020\/04\/Domingo-de-Ramos-2020-768x432.jpg 768w, https:\/\/nuestrasenoramoratalaz.archimadrid.es\/wp-content\/uploads\/2020\/04\/Domingo-de-Ramos-2020.jpg 1600w\" sizes=\"(max-width: 745px) 100vw, 745px\" \/><\/a><\/p>\n<ul>\n<li>El d\u00eda del Se\u00f1or<\/li>\n<\/ul>\n<div style=\"width: 100%; padding-top: 64%; position: relative; border-bottom: 1px solid #aaa; display: inline-block; background: rgba(255,255,255,0.9);\"><iframe style=\"width: 100%; height: 90%; position: absolute; left: 0; top: 0; overflow: hidden; border: none; background-color: transparent;\" src=\"https:\/\/secure-embed.rtve.es\/drmn\/embed\/video\/5439861\" name=\"Parroquia Nuestra Se\u00f1ora de Moratalaz, Madrid\" scrolling=\"no\" allowfullscreen=\"allowfullscreen\"><\/iframe><\/p>\n<div style=\"position: absolute; bottom: 0; left: 0; font-family: arial,helvetica,sans-serif; font-size: 12px; line-height: 1.833; display: inline-block; padding: 5px 0 5px 10px;\"><span style=\"float: left; margin-right: 10px;\"> <img style=\"height: 20px; width: auto; background: transparent; padding: 0; margin: 0;\" src=\"https:\/\/img2.rtve.es\/css\/rtve.commons\/rtve.header.footer\/i\/logoRTVEes.png\" alt=\"\" \/> <\/span> <a style=\"color: #333; font-weight: bold;\" title=\"Parroquia Nuestra Se\u00f1ora de Moratalaz, Madrid\" href=\"http:\/\/www.rtve.es\/alacarta\/videos\/dia-del-senor\/dia-del-senor-parroquia-nuestra-senora-moratalaz-madrid\/5439861\/\"> <strong>Parroquia Nuestra Se\u00f1ora de Moratalaz, Madrid<\/strong> <\/a><\/div>\n<\/div>\n<ul>\n<li>Semana Santa 2019<\/li>\n<\/ul>\n<div data-carousel-extra='{\"blog_id\":1,\"permalink\":\"https:\\\/\\\/nuestrasenoramoratalaz.archimadrid.es\\\/?page_id=2542\"}' class=\"tiled-gallery type-rectangular\" data-original-width=\"783\"><div class=\"gallery-row\" style=\"width: 778px; height: 329px;\"><div class=\"gallery-group images-1\" style=\"width: 589px; height: 333px;\"><div class=\"tiled-gallery-item tiled-gallery-item-large\"><a href=\"https:\/\/nuestrasenoramoratalaz.archimadrid.es\/?attachment_id=6344\"><img data-attachment-id=\"6344\" data-orig-file=\"https:\/\/nuestrasenoramoratalaz.archimadrid.es\/wp-content\/uploads\/2019\/05\/20190424_220032.jpg\" data-orig-size=\"4128,2322\" data-comments-opened=\"0\" data-image-meta=\"{&quot;aperture&quot;:&quot;1.9&quot;,&quot;credit&quot;:&quot;&quot;,&quot;camera&quot;:&quot;SM-T835&quot;,&quot;caption&quot;:&quot;&quot;,&quot;created_timestamp&quot;:&quot;1556143232&quot;,&quot;copyright&quot;:&quot;&quot;,&quot;focal_length&quot;:&quot;3.6&quot;,&quot;iso&quot;:&quot;200&quot;,&quot;shutter_speed&quot;:&quot;0.055555555555556&quot;,&quot;title&quot;:&quot;&quot;,&quot;orientation&quot;:&quot;1&quot;}\" data-image-title=\"20190424_220032\" data-image-description=\"\" data-medium-file=\"https:\/\/nuestrasenoramoratalaz.archimadrid.es\/wp-content\/uploads\/2019\/05\/20190424_220032-300x169.jpg\" data-large-file=\"https:\/\/nuestrasenoramoratalaz.archimadrid.es\/wp-content\/uploads\/2019\/05\/20190424_220032-1024x576.jpg\" src=\"https:\/\/nuestrasenoramoratalaz.archimadrid.es\/wp-content\/uploads\/2019\/05\/20190424_220032-585x329.jpg\" width=\"585\" height=\"329\" align=\"left\" title=\"20190424_220032\" \/><\/a><\/div><\/div><div class=\"gallery-group images-1\" style=\"width: 189px; height: 333px;\"><div class=\"tiled-gallery-item tiled-gallery-item-small\"><a href=\"https:\/\/nuestrasenoramoratalaz.archimadrid.es\/?attachment_id=6345\"><img data-attachment-id=\"6345\" data-orig-file=\"https:\/\/nuestrasenoramoratalaz.archimadrid.es\/wp-content\/uploads\/2019\/05\/20190424_220125-e1557443411939.jpg\" data-orig-size=\"2322,4128\" data-comments-opened=\"0\" data-image-meta=\"{&quot;aperture&quot;:&quot;1.9&quot;,&quot;credit&quot;:&quot;&quot;,&quot;camera&quot;:&quot;SM-T835&quot;,&quot;caption&quot;:&quot;&quot;,&quot;created_timestamp&quot;:&quot;1556143285&quot;,&quot;copyright&quot;:&quot;&quot;,&quot;focal_length&quot;:&quot;3.6&quot;,&quot;iso&quot;:&quot;250&quot;,&quot;shutter_speed&quot;:&quot;0.04&quot;,&quot;title&quot;:&quot;&quot;,&quot;orientation&quot;:&quot;6&quot;}\" data-image-title=\"20190424_220125\" data-image-description=\"\" data-medium-file=\"https:\/\/nuestrasenoramoratalaz.archimadrid.es\/wp-content\/uploads\/2019\/05\/20190424_220125-e1557443411939-169x300.jpg\" data-large-file=\"https:\/\/nuestrasenoramoratalaz.archimadrid.es\/wp-content\/uploads\/2019\/05\/20190424_220125-e1557443411939-576x1024.jpg\" src=\"https:\/\/nuestrasenoramoratalaz.archimadrid.es\/wp-content\/uploads\/2019\/05\/20190424_220125-e1557443411939-185x329.jpg\" width=\"185\" height=\"329\" align=\"left\" title=\"20190424_220125\" \/><\/a><\/div><\/div><\/div><\/div>\n<ul>\n<li>Reserva de jueves santo 2019<\/li>\n<\/ul>\n<p><a href=\"https:\/\/nuestrasenoramoratalaz.archimadrid.es\/wp-content\/uploads\/2019\/04\/IMG-20190422-WA0001.jpg\"><img loading=\"lazy\" class=\"alignnone size-large wp-image-6162\" src=\"https:\/\/nuestrasenoramoratalaz.archimadrid.es\/wp-content\/uploads\/2019\/04\/IMG-20190422-WA0001-1024x768.jpg\" alt=\"\" width=\"745\" height=\"559\" srcset=\"https:\/\/nuestrasenoramoratalaz.archimadrid.es\/wp-content\/uploads\/2019\/04\/IMG-20190422-WA0001-1024x768.jpg 1024w, https:\/\/nuestrasenoramoratalaz.archimadrid.es\/wp-content\/uploads\/2019\/04\/IMG-20190422-WA0001-300x225.jpg 300w, https:\/\/nuestrasenoramoratalaz.archimadrid.es\/wp-content\/uploads\/2019\/04\/IMG-20190422-WA0001-768x576.jpg 768w, https:\/\/nuestrasenoramoratalaz.archimadrid.es\/wp-content\/uploads\/2019\/04\/IMG-20190422-WA0001.jpg 1600w\" sizes=\"(max-width: 745px) 100vw, 745px\" \/><\/a><\/p>\n<ul>\n<li>Taiz\u00e9 2018<\/li>\n<\/ul>\n<div data-carousel-extra='{\"blog_id\":1,\"permalink\":\"https:\\\/\\\/nuestrasenoramoratalaz.archimadrid.es\\\/?page_id=2542\"}' class=\"tiled-gallery type-rectangular\" data-original-width=\"783\"><div class=\"gallery-row\" style=\"width: 778px; height: 361px;\"><div class=\"gallery-group images-2\" style=\"width: 293px; height: 365px;\"><div class=\"tiled-gallery-item tiled-gallery-item-large\"><a href=\"https:\/\/nuestrasenoramoratalaz.archimadrid.es\/?attachment_id=5818\"><img data-attachment-id=\"5818\" data-orig-file=\"https:\/\/nuestrasenoramoratalaz.archimadrid.es\/wp-content\/uploads\/2019\/01\/Taize_2019-01-05-at-22.44.02.jpeg\" data-orig-size=\"1600,777\" data-comments-opened=\"0\" data-image-meta=\"{&quot;aperture&quot;:&quot;0&quot;,&quot;credit&quot;:&quot;&quot;,&quot;camera&quot;:&quot;&quot;,&quot;caption&quot;:&quot;&quot;,&quot;created_timestamp&quot;:&quot;0&quot;,&quot;copyright&quot;:&quot;&quot;,&quot;focal_length&quot;:&quot;0&quot;,&quot;iso&quot;:&quot;0&quot;,&quot;shutter_speed&quot;:&quot;0&quot;,&quot;title&quot;:&quot;&quot;,&quot;orientation&quot;:&quot;0&quot;}\" data-image-title=\"Taize_2019-01-05 at 22.44.02\" data-image-description=\"\" data-medium-file=\"https:\/\/nuestrasenoramoratalaz.archimadrid.es\/wp-content\/uploads\/2019\/01\/Taize_2019-01-05-at-22.44.02-300x146.jpeg\" data-large-file=\"https:\/\/nuestrasenoramoratalaz.archimadrid.es\/wp-content\/uploads\/2019\/01\/Taize_2019-01-05-at-22.44.02-1024x497.jpeg\" src=\"https:\/\/nuestrasenoramoratalaz.archimadrid.es\/wp-content\/uploads\/2019\/01\/Taize_2019-01-05-at-22.44.02-289x140.jpeg\" width=\"289\" height=\"140\" align=\"left\" title=\"Taize_2019-01-05 at 22.44.02\" \/><\/a><\/div><div class=\"tiled-gallery-item tiled-gallery-item-large\"><a href=\"https:\/\/nuestrasenoramoratalaz.archimadrid.es\/?attachment_id=5777\"><img data-attachment-id=\"5777\" data-orig-file=\"https:\/\/nuestrasenoramoratalaz.archimadrid.es\/wp-content\/uploads\/2018\/12\/Taize_2018-12-30-at-13.19.42.jpeg\" data-orig-size=\"1600,1200\" data-comments-opened=\"0\" data-image-meta=\"{&quot;aperture&quot;:&quot;0&quot;,&quot;credit&quot;:&quot;&quot;,&quot;camera&quot;:&quot;&quot;,&quot;caption&quot;:&quot;&quot;,&quot;created_timestamp&quot;:&quot;0&quot;,&quot;copyright&quot;:&quot;&quot;,&quot;focal_length&quot;:&quot;0&quot;,&quot;iso&quot;:&quot;0&quot;,&quot;shutter_speed&quot;:&quot;0&quot;,&quot;title&quot;:&quot;&quot;,&quot;orientation&quot;:&quot;0&quot;}\" data-image-title=\"Taize_2018-12-30 at 13.19.42\" data-image-description=\"\" data-medium-file=\"https:\/\/nuestrasenoramoratalaz.archimadrid.es\/wp-content\/uploads\/2018\/12\/Taize_2018-12-30-at-13.19.42-300x225.jpeg\" data-large-file=\"https:\/\/nuestrasenoramoratalaz.archimadrid.es\/wp-content\/uploads\/2018\/12\/Taize_2018-12-30-at-13.19.42-1024x768.jpeg\" src=\"https:\/\/nuestrasenoramoratalaz.archimadrid.es\/wp-content\/uploads\/2018\/12\/Taize_2018-12-30-at-13.19.42-289x217.jpeg\" width=\"289\" height=\"217\" align=\"left\" title=\"Taize_2018-12-30 at 13.19.42\" \/><\/a><\/div><\/div><div class=\"gallery-group images-1\" style=\"width: 485px; height: 365px;\"><div class=\"tiled-gallery-item tiled-gallery-item-large\"><a href=\"https:\/\/nuestrasenoramoratalaz.archimadrid.es\/?attachment_id=5776\"><img data-attachment-id=\"5776\" data-orig-file=\"https:\/\/nuestrasenoramoratalaz.archimadrid.es\/wp-content\/uploads\/2018\/12\/Taize_2018-12-30-at-13.19.41.jpeg\" data-orig-size=\"1600,1200\" data-comments-opened=\"0\" data-image-meta=\"{&quot;aperture&quot;:&quot;0&quot;,&quot;credit&quot;:&quot;&quot;,&quot;camera&quot;:&quot;&quot;,&quot;caption&quot;:&quot;&quot;,&quot;created_timestamp&quot;:&quot;0&quot;,&quot;copyright&quot;:&quot;&quot;,&quot;focal_length&quot;:&quot;0&quot;,&quot;iso&quot;:&quot;0&quot;,&quot;shutter_speed&quot;:&quot;0&quot;,&quot;title&quot;:&quot;&quot;,&quot;orientation&quot;:&quot;0&quot;}\" data-image-title=\"Taize_2018-12-30 at 13.19.41\" data-image-description=\"\" data-medium-file=\"https:\/\/nuestrasenoramoratalaz.archimadrid.es\/wp-content\/uploads\/2018\/12\/Taize_2018-12-30-at-13.19.41-300x225.jpeg\" data-large-file=\"https:\/\/nuestrasenoramoratalaz.archimadrid.es\/wp-content\/uploads\/2018\/12\/Taize_2018-12-30-at-13.19.41-1024x768.jpeg\" src=\"https:\/\/nuestrasenoramoratalaz.archimadrid.es\/wp-content\/uploads\/2018\/12\/Taize_2018-12-30-at-13.19.41-481x361.jpeg\" width=\"481\" height=\"361\" align=\"left\" title=\"Taize_2018-12-30 at 13.19.41\" \/><\/a><\/div><\/div><\/div><div class=\"gallery-row\" style=\"width: 778px; height: 386px;\"><div class=\"gallery-group images-1\" style=\"width: 519px; height: 390px;\"><div class=\"tiled-gallery-item tiled-gallery-item-large\"><a href=\"https:\/\/nuestrasenoramoratalaz.archimadrid.es\/?attachment_id=5775\"><img data-attachment-id=\"5775\" data-orig-file=\"https:\/\/nuestrasenoramoratalaz.archimadrid.es\/wp-content\/uploads\/2018\/12\/Taize_2018-12-30-at-13.19.41-1.jpeg\" data-orig-size=\"1600,1200\" data-comments-opened=\"0\" data-image-meta=\"{&quot;aperture&quot;:&quot;0&quot;,&quot;credit&quot;:&quot;&quot;,&quot;camera&quot;:&quot;&quot;,&quot;caption&quot;:&quot;&quot;,&quot;created_timestamp&quot;:&quot;0&quot;,&quot;copyright&quot;:&quot;&quot;,&quot;focal_length&quot;:&quot;0&quot;,&quot;iso&quot;:&quot;0&quot;,&quot;shutter_speed&quot;:&quot;0&quot;,&quot;title&quot;:&quot;&quot;,&quot;orientation&quot;:&quot;0&quot;}\" data-image-title=\"Taize_2018-12-30 at 13.19.41 (1)\" data-image-description=\"\" data-medium-file=\"https:\/\/nuestrasenoramoratalaz.archimadrid.es\/wp-content\/uploads\/2018\/12\/Taize_2018-12-30-at-13.19.41-1-300x225.jpeg\" data-large-file=\"https:\/\/nuestrasenoramoratalaz.archimadrid.es\/wp-content\/uploads\/2018\/12\/Taize_2018-12-30-at-13.19.41-1-1024x768.jpeg\" src=\"https:\/\/nuestrasenoramoratalaz.archimadrid.es\/wp-content\/uploads\/2018\/12\/Taize_2018-12-30-at-13.19.41-1-515x386.jpeg\" width=\"515\" height=\"386\" align=\"left\" title=\"Taize_2018-12-30 at 13.19.41 (1)\" \/><\/a><\/div><\/div><div class=\"gallery-group images-2\" style=\"width: 259px; height: 390px;\"><div class=\"tiled-gallery-item tiled-gallery-item-large\"><a href=\"https:\/\/nuestrasenoramoratalaz.archimadrid.es\/?attachment_id=5774\"><img data-attachment-id=\"5774\" data-orig-file=\"https:\/\/nuestrasenoramoratalaz.archimadrid.es\/wp-content\/uploads\/2018\/12\/Taize_2018-12-30-at-13.11.14.jpeg\" data-orig-size=\"1600,1200\" data-comments-opened=\"0\" data-image-meta=\"{&quot;aperture&quot;:&quot;0&quot;,&quot;credit&quot;:&quot;&quot;,&quot;camera&quot;:&quot;&quot;,&quot;caption&quot;:&quot;&quot;,&quot;created_timestamp&quot;:&quot;0&quot;,&quot;copyright&quot;:&quot;&quot;,&quot;focal_length&quot;:&quot;0&quot;,&quot;iso&quot;:&quot;0&quot;,&quot;shutter_speed&quot;:&quot;0&quot;,&quot;title&quot;:&quot;&quot;,&quot;orientation&quot;:&quot;0&quot;}\" data-image-title=\"Taize_2018-12-30 at 13.11.14\" data-image-description=\"\" data-medium-file=\"https:\/\/nuestrasenoramoratalaz.archimadrid.es\/wp-content\/uploads\/2018\/12\/Taize_2018-12-30-at-13.11.14-300x225.jpeg\" data-large-file=\"https:\/\/nuestrasenoramoratalaz.archimadrid.es\/wp-content\/uploads\/2018\/12\/Taize_2018-12-30-at-13.11.14-1024x768.jpeg\" src=\"https:\/\/nuestrasenoramoratalaz.archimadrid.es\/wp-content\/uploads\/2018\/12\/Taize_2018-12-30-at-13.11.14-255x191.jpeg\" width=\"255\" height=\"191\" align=\"left\" title=\"Taize_2018-12-30 at 13.11.14\" \/><\/a><\/div><div class=\"tiled-gallery-item tiled-gallery-item-large\"><a href=\"https:\/\/nuestrasenoramoratalaz.archimadrid.es\/?attachment_id=5773\"><img data-attachment-id=\"5773\" data-orig-file=\"https:\/\/nuestrasenoramoratalaz.archimadrid.es\/wp-content\/uploads\/2018\/12\/Taize_2018-12-30-at-12.06.31.jpeg\" data-orig-size=\"1600,1200\" data-comments-opened=\"0\" data-image-meta=\"{&quot;aperture&quot;:&quot;0&quot;,&quot;credit&quot;:&quot;&quot;,&quot;camera&quot;:&quot;&quot;,&quot;caption&quot;:&quot;&quot;,&quot;created_timestamp&quot;:&quot;0&quot;,&quot;copyright&quot;:&quot;&quot;,&quot;focal_length&quot;:&quot;0&quot;,&quot;iso&quot;:&quot;0&quot;,&quot;shutter_speed&quot;:&quot;0&quot;,&quot;title&quot;:&quot;&quot;,&quot;orientation&quot;:&quot;0&quot;}\" data-image-title=\"Taize_2018-12-30 at 12.06.31\" data-image-description=\"\" data-medium-file=\"https:\/\/nuestrasenoramoratalaz.archimadrid.es\/wp-content\/uploads\/2018\/12\/Taize_2018-12-30-at-12.06.31-300x225.jpeg\" data-large-file=\"https:\/\/nuestrasenoramoratalaz.archimadrid.es\/wp-content\/uploads\/2018\/12\/Taize_2018-12-30-at-12.06.31-1024x768.jpeg\" src=\"https:\/\/nuestrasenoramoratalaz.archimadrid.es\/wp-content\/uploads\/2018\/12\/Taize_2018-12-30-at-12.06.31-255x191.jpeg\" width=\"255\" height=\"191\" align=\"left\" title=\"Taize_2018-12-30 at 12.06.31\" \/><\/a><\/div><\/div><\/div><\/div>\n<ul>\n<li>\n<p class=\"post-page-title\">40 a\u00f1os de Didania<\/p>\n<\/li>\n<\/ul>\n<p><a href=\"https:\/\/nuestrasenoramoratalaz.archimadrid.es\/wp-content\/uploads\/2018\/03\/didania.jpg\"><img loading=\"lazy\" class=\"alignnone size-large wp-image-2459\" src=\"https:\/\/nuestrasenoramoratalaz.archimadrid.es\/wp-content\/uploads\/2018\/03\/didania-1024x768.jpg\" alt=\"\" width=\"745\" height=\"559\" srcset=\"https:\/\/nuestrasenoramoratalaz.archimadrid.es\/wp-content\/uploads\/2018\/03\/didania-1024x768.jpg 1024w, https:\/\/nuestrasenoramoratalaz.archimadrid.es\/wp-content\/uploads\/2018\/03\/didania-300x225.jpg 300w, https:\/\/nuestrasenoramoratalaz.archimadrid.es\/wp-content\/uploads\/2018\/03\/didania-768x576.jpg 768w, https:\/\/nuestrasenoramoratalaz.archimadrid.es\/wp-content\/uploads\/2018\/03\/didania.jpg 1200w\" sizes=\"(max-width: 745px) 100vw, 745px\" \/><\/a><\/p>\n<ul>\n<li>50 aniversario consagraci\u00f3n del templo<\/li>\n<\/ul>\n<p><iframe loading=\"lazy\" title=\"50 aniversario Parroquia Nuestra Se\u00f1ora de Moratalaz\" width=\"783\" height=\"440\" src=\"https:\/\/www.youtube.com\/embed\/B4iw40_-R6s?feature=oembed\" frameborder=\"0\" allow=\"accelerometer; autoplay; clipboard-write; encrypted-media; gyroscope; picture-in-picture\" allowfullscreen><\/iframe><\/p>\n<ul>\n<li>El d\u00eda del Se\u00f1or<\/li>\n<\/ul>\n<div style=\"width: 100%; padding-top: 64%; position: relative; border-bottom: 1px solid #aaa; display: inline-block; background: rgba(255,255,255,0.9);\">\n<p><iframe loading=\"lazy\" style=\"width: 100%; height: 90%; position: absolute; left: 0; top: 0; overflow: hidden;\" src=\"http:\/\/www.rtve.es\/drmn\/embed\/video\/2921474\" name=\"Nuestra Se\u00f1ora de Moratalaz\" width=\"300\" height=\"150\" frameborder=\"0\" scrolling=\"no\" allowfullscreen=\"allowfullscreen\"><\/iframe><\/p>\n<div style=\"position: absolute; bottom: 0; left: 0; font-family: arial,helvetica,sans-serif; font-size: 12px; line-height: 1.833; display: inline-block; padding: 5px 0 5px 10px;\"><span style=\"float: left; margin-right: 10px;\"><br \/>\n<img style=\"height: 20px; width: auto; background: transparent; padding: 0; margin: 0;\" src=\"http:\/\/img.irtve.es\/css\/rtve.commons\/rtve.header.footer\/i\/logoRTVEes.png\" \/><br \/>\n<\/span><br \/>\n<a style=\"color: #333; font-weight: bold;\" title=\"Nuestra Se\u00f1ora de Moratalaz\" href=\"http:\/\/www.rtve.es\/alacarta\/videos\/dia-del-senor\/dia-del-senor-nuestra-senora-moratalaz\/2921474\/\"><br \/>\n<strong>Nuestra Se\u00f1ora de Moratalaz &#8211; 21 de diciembre de 2014<\/strong><br \/>\n<\/a><\/div>\n<\/div>\n","protected":false},"excerpt":{"rendered":"<p>Semana Santa 2020 El d\u00eda del Se\u00f1or Parroquia Nuestra Se\u00f1ora de Moratalaz, Madrid Semana Santa 2019 Reserva de jueves santo 2019 Taiz\u00e9 2018 40 a\u00f1os<\/p>\n","protected":false},"author":6,"featured_media":0,"parent":1977,"menu_order":2,"comment_status":"closed","ping_status":"closed","template":"","meta":{"_monsterinsights_skip_tracking":false,"_monsterinsights_sitenote_active":false,"_monsterinsights_sitenote_note":"","_monsterinsights_sitenote_category":0},"aioseo_notices":[],"_links":{"self":[{"href":"https:\/\/nuestrasenoramoratalaz.archimadrid.es\/index.php?rest_route=\/wp\/v2\/pages\/2542"}],"collection":[{"href":"https:\/\/nuestrasenoramoratalaz.archimadrid.es\/index.php?rest_route=\/wp\/v2\/pages"}],"about":[{"href":"https:\/\/nuestrasenoramoratalaz.archimadrid.es\/index.php?rest_route=\/wp\/v2\/types\/page"}],"author":[{"embeddable":true,"href":"https:\/\/nuestrasenoramoratalaz.archimadrid.es\/index.php?rest_route=\/wp\/v2\/users\/6"}],"replies":[{"embeddable":true,"href":"https:\/\/nuestrasenoramoratalaz.archimadrid.es\/index.php?rest_route=%2Fwp%2Fv2%2Fcomments&post=2542"}],"version-history":[{"count":10,"href":"https:\/\/nuestrasenoramoratalaz.archimadrid.es\/index.php?rest_route=\/wp\/v2\/pages\/2542\/revisions"}],"predecessor-version":[{"id":7385,"href":"https:\/\/nuestrasenoramoratalaz.archimadrid.es\/index.php?rest_route=\/wp\/v2\/pages\/2542\/revisions\/7385"}],"up":[{"embeddable":true,"href":"https:\/\/nuestrasenoramoratalaz.archimadrid.es\/index.php?rest_route=\/wp\/v2\/pages\/1977"}],"wp:attachment":[{"href":"https:\/\/nuestrasenoramoratalaz.archimadrid.es\/index.php?rest_route=%2Fwp%2Fv2%2Fmedia&parent=2542"}],"curies":[{"name":"wp","href":"https:\/\/api.w.org\/{rel}","templated":true}]}}