{"id":2790,"date":"2018-05-10T23:42:36","date_gmt":"2018-05-10T21:42:36","guid":{"rendered":"http:\/\/nuestrasenoramoratalaz.archimadrid.es\/?page_id=2790"},"modified":"2018-10-03T19:52:38","modified_gmt":"2018-10-03T17:52:38","slug":"mayo-18","status":"publish","type":"page","link":"https:\/\/nuestrasenoramoratalaz.archimadrid.es\/?page_id=2790","title":{"rendered":"MAYO &#8217;18"},"content":{"rendered":"<p>En este mes pod\u00e9is encontrar las siguientes sesiones:<\/p>\n<ul>\n<li>Sesi\u00f3n 23: Acordes\n<ul>\n<li>Canci\u00f3n: Laudate omnes gentes<\/li>\n<\/ul>\n<\/li>\n<li>Sesi\u00f3n 11 (Repaso): Punteos<\/li>\n<li>Sesi\u00f3n 24: Punteos\n<ul>\n<li>Canci\u00f3n: La pantera rosa<\/li>\n<\/ul>\n<\/li>\n<\/ul>\n","protected":false},"excerpt":{"rendered":"<p>En este mes pod\u00e9is encontrar las siguientes sesiones: Sesi\u00f3n 23: Acordes Canci\u00f3n: Laudate omnes gentes Sesi\u00f3n 11 (Repaso): Punteos Sesi\u00f3n 24: Punteos Canci\u00f3n: La pantera<\/p>\n","protected":false},"author":6,"featured_media":0,"parent":5007,"menu_order":5,"comment_status":"closed","ping_status":"closed","template":"","meta":{"_monsterinsights_skip_tracking":false,"_monsterinsights_sitenote_active":false,"_monsterinsights_sitenote_note":"","_monsterinsights_sitenote_category":0},"aioseo_notices":[],"_links":{"self":[{"href":"https:\/\/nuestrasenoramoratalaz.archimadrid.es\/index.php?rest_route=\/wp\/v2\/pages\/2790"}],"collection":[{"href":"https:\/\/nuestrasenoramoratalaz.archimadrid.es\/index.php?rest_route=\/wp\/v2\/pages"}],"about":[{"href":"https:\/\/nuestrasenoramoratalaz.archimadrid.es\/index.php?rest_route=\/wp\/v2\/types\/page"}],"author":[{"embeddable":true,"href":"https:\/\/nuestrasenoramoratalaz.archimadrid.es\/index.php?rest_route=\/wp\/v2\/users\/6"}],"replies":[{"embeddable":true,"href":"https:\/\/nuestrasenoramoratalaz.archimadrid.es\/index.php?rest_route=%2Fwp%2Fv2%2Fcomments&post=2790"}],"version-history":[{"count":6,"href":"https:\/\/nuestrasenoramoratalaz.archimadrid.es\/index.php?rest_route=\/wp\/v2\/pages\/2790\/revisions"}],"predecessor-version":[{"id":2940,"href":"https:\/\/nuestrasenoramoratalaz.archimadrid.es\/index.php?rest_route=\/wp\/v2\/pages\/2790\/revisions\/2940"}],"up":[{"embeddable":true,"href":"https:\/\/nuestrasenoramoratalaz.archimadrid.es\/index.php?rest_route=\/wp\/v2\/pages\/5007"}],"wp:attachment":[{"href":"https:\/\/nuestrasenoramoratalaz.archimadrid.es\/index.php?rest_route=%2Fwp%2Fv2%2Fmedia&parent=2790"}],"curies":[{"name":"wp","href":"https:\/\/api.w.org\/{rel}","templated":true}]}}