{"id":2819,"date":"2018-05-17T11:04:22","date_gmt":"2018-05-17T09:04:22","guid":{"rendered":"http:\/\/nuestrasenoramoratalaz.archimadrid.es\/?page_id=2819"},"modified":"2018-10-07T22:27:12","modified_gmt":"2018-10-07T20:27:12","slug":"concierto-cesar-hidalgo","status":"publish","type":"page","link":"https:\/\/nuestrasenoramoratalaz.archimadrid.es\/?page_id=2819","title":{"rendered":"CONCIERTO CESAR HIDALGO"},"content":{"rendered":"<p><a href=\"https:\/\/nuestrasenoramoratalaz.archimadrid.es\/wp-content\/uploads\/2018\/05\/Concierto-Cesar-Hidalgo.jpeg\"><img loading=\"lazy\" class=\"alignnone wp-image-2764\" src=\"https:\/\/nuestrasenoramoratalaz.archimadrid.es\/wp-content\/uploads\/2018\/05\/Concierto-Cesar-Hidalgo-199x300.jpeg\" alt=\"\" width=\"400\" height=\"602\" srcset=\"https:\/\/nuestrasenoramoratalaz.archimadrid.es\/wp-content\/uploads\/2018\/05\/Concierto-Cesar-Hidalgo-199x300.jpeg 199w, https:\/\/nuestrasenoramoratalaz.archimadrid.es\/wp-content\/uploads\/2018\/05\/Concierto-Cesar-Hidalgo.jpeg 530w\" sizes=\"(max-width: 400px) 100vw, 400px\" \/><\/a><\/p>\n<p>El cantante cristiano C\u00e9sar Hidalgo ofrecer\u00e1 un concierto solidario a beneficio de los j\u00f3venes sirios de la zona rural de Damasco que est\u00e1n en riesgo de abandono escolar. Programado para el s\u00e1bado 19 de mayo, se podr\u00e1 escuchar a partir de las 20:30 horas en la parroquia Nuestra Se\u00f1ora de Moratalaz (c\/Entre Arroyos, 19 \u2013 metro Vinateros).<\/p>\n<p>La parroquia y el colegio diocesano de Nuestra Se\u00f1ora de Moratalaz financian un proyecto conjunto para estos j\u00f3venes sirios, con un programa b\u00e1sico de lectura, escritura y c\u00e1lculo.<\/p>\n<p>Donativo: 3\u20ac. Venta de entradas en el colegio diocesano de Nuestra Se\u00f1ora de Moratalaz o en el despacho parroquial. Y en la entrada, el mismo d\u00eda del concierto.<\/p>\n\n","protected":false},"excerpt":{"rendered":"<p>El cantante cristiano C\u00e9sar Hidalgo ofrecer\u00e1 un concierto solidario a beneficio de los j\u00f3venes sirios de la zona rural de Damasco que est\u00e1n en riesgo<\/p>\n","protected":false},"author":6,"featured_media":0,"parent":2768,"menu_order":3,"comment_status":"closed","ping_status":"closed","template":"","meta":{"_monsterinsights_skip_tracking":false,"_monsterinsights_sitenote_active":false,"_monsterinsights_sitenote_note":"","_monsterinsights_sitenote_category":0},"aioseo_notices":[],"_links":{"self":[{"href":"https:\/\/nuestrasenoramoratalaz.archimadrid.es\/index.php?rest_route=\/wp\/v2\/pages\/2819"}],"collection":[{"href":"https:\/\/nuestrasenoramoratalaz.archimadrid.es\/index.php?rest_route=\/wp\/v2\/pages"}],"about":[{"href":"https:\/\/nuestrasenoramoratalaz.archimadrid.es\/index.php?rest_route=\/wp\/v2\/types\/page"}],"author":[{"embeddable":true,"href":"https:\/\/nuestrasenoramoratalaz.archimadrid.es\/index.php?rest_route=\/wp\/v2\/users\/6"}],"replies":[{"embeddable":true,"href":"https:\/\/nuestrasenoramoratalaz.archimadrid.es\/index.php?rest_route=%2Fwp%2Fv2%2Fcomments&post=2819"}],"version-history":[{"count":4,"href":"https:\/\/nuestrasenoramoratalaz.archimadrid.es\/index.php?rest_route=\/wp\/v2\/pages\/2819\/revisions"}],"predecessor-version":[{"id":5273,"href":"https:\/\/nuestrasenoramoratalaz.archimadrid.es\/index.php?rest_route=\/wp\/v2\/pages\/2819\/revisions\/5273"}],"up":[{"embeddable":true,"href":"https:\/\/nuestrasenoramoratalaz.archimadrid.es\/index.php?rest_route=\/wp\/v2\/pages\/2768"}],"wp:attachment":[{"href":"https:\/\/nuestrasenoramoratalaz.archimadrid.es\/index.php?rest_route=%2Fwp%2Fv2%2Fmedia&parent=2819"}],"curies":[{"name":"wp","href":"https:\/\/api.w.org\/{rel}","templated":true}]}}