{"id":2821,"date":"2018-05-17T11:06:13","date_gmt":"2018-05-17T09:06:13","guid":{"rendered":"http:\/\/nuestrasenoramoratalaz.archimadrid.es\/?page_id=2821"},"modified":"2018-12-10T21:56:51","modified_gmt":"2018-12-10T20:56:51","slug":"concierto-gospel","status":"publish","type":"page","link":"https:\/\/nuestrasenoramoratalaz.archimadrid.es\/?page_id=2821","title":{"rendered":"CONCIERTO GOSPEL LIVING WATER"},"content":{"rendered":"<h3>Concierto g\u00f3spel noviembre<\/h3>\n<p><iframe loading=\"lazy\" style=\"border: none; overflow: hidden;\" src=\"https:\/\/www.facebook.com\/plugins\/post.php?href=https%3A%2F%2Fwww.facebook.com%2FCoroGospelLivingWater%2Fposts%2F10156803772814376&amp;width=500\" width=\"500\" height=\"808\" frameborder=\"0\" scrolling=\"no\" data-mce-fragment=\"1\"><\/iframe><\/p>\n<p>\u00a1\u00a1Esta vez por un motivo muy SOLIDARIO!!<\/p>\n<p>Hemos ya perdido la cuenta de las veces el coro g\u00f3spel ha tra\u00eddo su m\u00fasica a la\u00a0<strong>PARROQUIA NUESTRA SE\u00d1ORA DE MORATALAZ<\/strong>, porque all\u00ed se sienten como en casa. El\u00a0<strong>17 de noviembre<\/strong>, a las\u00a0<strong>20:00<\/strong>, vuelven a estar junto con la Comunidad Parroquial y con todos los que hasta all\u00ed se acerquen dispuestos a cantar y\u00a0a vivir el verdadero g\u00f3spel\u00a0sin descanso. Sabemos que la acogida y la organizaci\u00f3n volver\u00e1n a ser de diez.<\/p>\n<p><a href=\"https:\/\/nuestrasenoramoratalaz.archimadrid.es\/wp-content\/uploads\/2018\/10\/gospel2018.jpg\"><img loading=\"lazy\" class=\"alignnone size-full wp-image-5390\" src=\"https:\/\/nuestrasenoramoratalaz.archimadrid.es\/wp-content\/uploads\/2018\/10\/gospel2018.jpg\" alt=\"\" width=\"580\" height=\"821\" srcset=\"https:\/\/nuestrasenoramoratalaz.archimadrid.es\/wp-content\/uploads\/2018\/10\/gospel2018.jpg 580w, https:\/\/nuestrasenoramoratalaz.archimadrid.es\/wp-content\/uploads\/2018\/10\/gospel2018-212x300.jpg 212w\" sizes=\"(max-width: 580px) 100vw, 580px\" \/><\/a><\/p>\n<p>Siempre se agotan las localidades\u2026 compra las tuyas YA por 6\u20ac los domingos en la Parroquia o a trav\u00e9s del Whatsapp 646732956.<\/p>\n<p>Los fondos ser\u00e1n destinados a la\u00a0<strong>ASOCIACI\u00d3N MANOS DE AYUDA SOCIAL<\/strong>, que hace poco ha sido reconocida de\u00a0<strong>Utilidad P\u00fablica<\/strong>\u00a0por el Ministerio del Interior. Fundada en 2011, llevan trabajando sin descanso para atender las necesidades alimenticias de 100 usuarios diarios, adem\u00e1s de ofrecerles distintos talleres para su formaci\u00f3n integral. Desde esa fecha han repartido 150.00 men\u00fas a 1.409 personas, unas 700 familias, en el Distrito de Ciudad Lineal.<\/p>\n<p>En la actualidad necesitan fondos para un nuevo reto:\u00a0<strong>seguir ofreciendo su atenci\u00f3n personalizada a familias del Distrito de Vallecas en un nuevo local<\/strong>. En la nueva ubicaci\u00f3n volver\u00e1n a poner en marcha la entrega de men\u00fas diarios a las familias de la zona (en riesgo de exclusi\u00f3n social) y talleres orientados a la b\u00fasqueda de empleo e incorporaci\u00f3n al mercado laboral, de higiene y buenas pr\u00e1cticas de alimentaci\u00f3n, de econom\u00eda dom\u00e9stica, talleres especializados en madres con menores a su cargo, apoyo escolar, atenci\u00f3n socio-sanitaria, etc. Todo ello\u00a0<strong>en colaboraci\u00f3n con los Servicios Sociales y Centros de Salud de la zona<\/strong>.<\/p>\n<p>Este nuevo reto necesita de tu ayuda para cubrir los gastos de las reformas del local y poder iniciar su servicio para estas Navidades. Su objetivo es poder atender a 3.000 usuarios repartiendo medio mill\u00f3n de men\u00fas en los pr\u00f3ximos a\u00f1os.<\/p>\n<p>Conoce m\u00e1s ellos en su web:\u00a0<a href=\"http:\/\/www.manosayudasocial.org\/\">www.manosayudasocial.org<\/a><\/p>\n<h3>Concierto gospel junio<\/h3>\n<p><a href=\"https:\/\/nuestrasenoramoratalaz.archimadrid.es\/wp-content\/uploads\/2018\/05\/gospel.jpg\"><img loading=\"lazy\" class=\"alignnone size-large wp-image-2822\" src=\"https:\/\/nuestrasenoramoratalaz.archimadrid.es\/wp-content\/uploads\/2018\/05\/gospel-734x1024.jpg\" alt=\"\" width=\"734\" height=\"1024\" srcset=\"https:\/\/nuestrasenoramoratalaz.archimadrid.es\/wp-content\/uploads\/2018\/05\/gospel-734x1024.jpg 734w, https:\/\/nuestrasenoramoratalaz.archimadrid.es\/wp-content\/uploads\/2018\/05\/gospel-215x300.jpg 215w, https:\/\/nuestrasenoramoratalaz.archimadrid.es\/wp-content\/uploads\/2018\/05\/gospel-768x1072.jpg 768w\" sizes=\"(max-width: 734px) 100vw, 734px\" \/><\/a><\/p>\n<p>&nbsp;<\/p>\n","protected":false},"excerpt":{"rendered":"<p>Concierto g\u00f3spel noviembre \u00a1\u00a1Esta vez por un motivo muy SOLIDARIO!! Hemos ya perdido la cuenta de las veces el coro g\u00f3spel ha tra\u00eddo su m\u00fasica<\/p>\n","protected":false},"author":6,"featured_media":0,"parent":2768,"menu_order":4,"comment_status":"closed","ping_status":"closed","template":"","meta":{"_monsterinsights_skip_tracking":false,"_monsterinsights_sitenote_active":false,"_monsterinsights_sitenote_note":"","_monsterinsights_sitenote_category":0},"aioseo_notices":[],"_links":{"self":[{"href":"https:\/\/nuestrasenoramoratalaz.archimadrid.es\/index.php?rest_route=\/wp\/v2\/pages\/2821"}],"collection":[{"href":"https:\/\/nuestrasenoramoratalaz.archimadrid.es\/index.php?rest_route=\/wp\/v2\/pages"}],"about":[{"href":"https:\/\/nuestrasenoramoratalaz.archimadrid.es\/index.php?rest_route=\/wp\/v2\/types\/page"}],"author":[{"embeddable":true,"href":"https:\/\/nuestrasenoramoratalaz.archimadrid.es\/index.php?rest_route=\/wp\/v2\/users\/6"}],"replies":[{"embeddable":true,"href":"https:\/\/nuestrasenoramoratalaz.archimadrid.es\/index.php?rest_route=%2Fwp%2Fv2%2Fcomments&post=2821"}],"version-history":[{"count":6,"href":"https:\/\/nuestrasenoramoratalaz.archimadrid.es\/index.php?rest_route=\/wp\/v2\/pages\/2821\/revisions"}],"predecessor-version":[{"id":5632,"href":"https:\/\/nuestrasenoramoratalaz.archimadrid.es\/index.php?rest_route=\/wp\/v2\/pages\/2821\/revisions\/5632"}],"up":[{"embeddable":true,"href":"https:\/\/nuestrasenoramoratalaz.archimadrid.es\/index.php?rest_route=\/wp\/v2\/pages\/2768"}],"wp:attachment":[{"href":"https:\/\/nuestrasenoramoratalaz.archimadrid.es\/index.php?rest_route=%2Fwp%2Fv2%2Fmedia&parent=2821"}],"curies":[{"name":"wp","href":"https:\/\/api.w.org\/{rel}","templated":true}]}}