{"id":2878,"date":"2018-05-21T18:46:26","date_gmt":"2018-05-21T16:46:26","guid":{"rendered":"http:\/\/nuestrasenoramoratalaz.archimadrid.es\/?page_id=2878"},"modified":"2018-06-06T11:14:23","modified_gmt":"2018-06-06T09:14:23","slug":"24-punteos","status":"publish","type":"page","link":"https:\/\/nuestrasenoramoratalaz.archimadrid.es\/?page_id=2878","title":{"rendered":"24 &#8211; PUNTEOS"},"content":{"rendered":"<p>En esta sesi\u00f3n vamos a intentar adivinar la tablatura de una canci\u00f3n que seguro conoces.<\/p>\n<p>Aqu\u00ed tienes la partitura, \u00bfser\u00e1s capaz de resolver el enigma?<\/p>\n<p><a href=\"https:\/\/nuestrasenoramoratalaz.archimadrid.es\/wp-content\/uploads\/2018\/05\/PinkPantherTheme_noTab-001.jpg\"><img loading=\"lazy\" class=\"alignnone size-full wp-image-2873\" src=\"https:\/\/nuestrasenoramoratalaz.archimadrid.es\/wp-content\/uploads\/2018\/05\/PinkPantherTheme_noTab-001.jpg\" alt=\"\" width=\"1188\" height=\"910\" srcset=\"https:\/\/nuestrasenoramoratalaz.archimadrid.es\/wp-content\/uploads\/2018\/05\/PinkPantherTheme_noTab-001.jpg 1188w, https:\/\/nuestrasenoramoratalaz.archimadrid.es\/wp-content\/uploads\/2018\/05\/PinkPantherTheme_noTab-001-300x230.jpg 300w, https:\/\/nuestrasenoramoratalaz.archimadrid.es\/wp-content\/uploads\/2018\/05\/PinkPantherTheme_noTab-001-768x588.jpg 768w, https:\/\/nuestrasenoramoratalaz.archimadrid.es\/wp-content\/uploads\/2018\/05\/PinkPantherTheme_noTab-001-1024x784.jpg 1024w\" sizes=\"(max-width: 1188px) 100vw, 1188px\" \/><\/a><\/p>\n<blockquote class=\"wp-embedded-content\" data-secret=\"J25J0o9FT3\"><p><a href=\"https:\/\/nuestrasenoramoratalaz.archimadrid.es\/?page_id=2882\">24 &#8211; PISTA 1<\/a><\/p><\/blockquote>\n<p><iframe class=\"wp-embedded-content\" sandbox=\"allow-scripts\" security=\"restricted\" style=\"position: absolute; clip: rect(1px, 1px, 1px, 1px);\" title=\"\u00ab24 &#8211; PISTA 1\u00bb \u2014 Parroquia Nuestra Se\u00f1ora de Moratalaz\" src=\"https:\/\/nuestrasenoramoratalaz.archimadrid.es\/?page_id=2882&#038;embed=true#?secret=J25J0o9FT3\" data-secret=\"J25J0o9FT3\" width=\"600\" height=\"338\" frameborder=\"0\" marginwidth=\"0\" marginheight=\"0\" scrolling=\"no\"><\/iframe><\/p>\n<p>&nbsp;<\/p>\n<p><!--more--><\/p>\n<p>&nbsp;<\/p>\n","protected":false},"excerpt":{"rendered":"<p>En esta sesi\u00f3n vamos a intentar adivinar la tablatura de una canci\u00f3n que seguro conoces. Aqu\u00ed tienes la partitura, \u00bfser\u00e1s capaz de resolver el enigma?<\/p>\n","protected":false},"author":6,"featured_media":0,"parent":2790,"menu_order":0,"comment_status":"closed","ping_status":"closed","template":"","meta":{"_monsterinsights_skip_tracking":false,"_monsterinsights_sitenote_active":false,"_monsterinsights_sitenote_note":"","_monsterinsights_sitenote_category":0},"aioseo_notices":[],"_links":{"self":[{"href":"https:\/\/nuestrasenoramoratalaz.archimadrid.es\/index.php?rest_route=\/wp\/v2\/pages\/2878"}],"collection":[{"href":"https:\/\/nuestrasenoramoratalaz.archimadrid.es\/index.php?rest_route=\/wp\/v2\/pages"}],"about":[{"href":"https:\/\/nuestrasenoramoratalaz.archimadrid.es\/index.php?rest_route=\/wp\/v2\/types\/page"}],"author":[{"embeddable":true,"href":"https:\/\/nuestrasenoramoratalaz.archimadrid.es\/index.php?rest_route=\/wp\/v2\/users\/6"}],"replies":[{"embeddable":true,"href":"https:\/\/nuestrasenoramoratalaz.archimadrid.es\/index.php?rest_route=%2Fwp%2Fv2%2Fcomments&post=2878"}],"version-history":[{"count":3,"href":"https:\/\/nuestrasenoramoratalaz.archimadrid.es\/index.php?rest_route=\/wp\/v2\/pages\/2878\/revisions"}],"predecessor-version":[{"id":2889,"href":"https:\/\/nuestrasenoramoratalaz.archimadrid.es\/index.php?rest_route=\/wp\/v2\/pages\/2878\/revisions\/2889"}],"up":[{"embeddable":true,"href":"https:\/\/nuestrasenoramoratalaz.archimadrid.es\/index.php?rest_route=\/wp\/v2\/pages\/2790"}],"wp:attachment":[{"href":"https:\/\/nuestrasenoramoratalaz.archimadrid.es\/index.php?rest_route=%2Fwp%2Fv2%2Fmedia&parent=2878"}],"curies":[{"name":"wp","href":"https:\/\/api.w.org\/{rel}","templated":true}]}}