{"id":5007,"date":"2018-10-03T19:50:58","date_gmt":"2018-10-03T17:50:58","guid":{"rendered":"http:\/\/nuestrasenoramoratalaz.archimadrid.es\/?page_id=5007"},"modified":"2019-02-12T00:43:07","modified_gmt":"2019-02-11T23:43:07","slug":"2018-2","status":"publish","type":"page","link":"https:\/\/nuestrasenoramoratalaz.archimadrid.es\/?page_id=5007","title":{"rendered":"2018"},"content":{"rendered":"<p>En esta secci\u00f3n puedes encontrar las siguientes clases:<\/p>\n<h6>Enero &#8217;18<\/h6>\n<ul>\n<li>Sesi\u00f3n 10: Teor\u00eda.\n<ul>\n<li>Blues de 12 compases.<\/li>\n<\/ul>\n<\/li>\n<li>Sesi\u00f3n 11: Punteos.\n<ul>\n<li>Repaso del blues de 12 compases.<\/li>\n<li>Improvisaci\u00f3n de punteos.<\/li>\n<\/ul>\n<\/li>\n<li>Sesi\u00f3n 12: Acordes.\n<ul>\n<li>Canci\u00f3n Abb\u00e1 Padre<\/li>\n<\/ul>\n<\/li>\n<li>Sesi\u00f3n 13: Acordes.\n<ul>\n<li>Canci\u00f3n Hotel California<\/li>\n<\/ul>\n<\/li>\n<\/ul>\n<h6>Febrero &#8217;18<\/h6>\n<ul>\n<li>Sesi\u00f3n 14: Teor\u00eda\n<ul>\n<li>Slide<\/li>\n<li>Hammer on<\/li>\n<li>Pull off<\/li>\n<li>Bending<\/li>\n<\/ul>\n<\/li>\n<li>Sesi\u00f3n 15: Punteos\n<ul>\n<li>Sweet Home Alabama<\/li>\n<\/ul>\n<\/li>\n<li>Sesi\u00f3n 16: Acordes\n<ul>\n<li>No temas (Si a\u00fan no lo ves)<\/li>\n<\/ul>\n<\/li>\n<\/ul>\n<h6>Marzo &#8217;18<\/h6>\n<ul>\n<li>Sesi\u00f3n 17: Punteos\n<ul>\n<li>Romance an\u00f3nimo<\/li>\n<li>Dee<\/li>\n<\/ul>\n<\/li>\n<li>Sesi\u00f3n 18: Teor\u00eda\n<ul>\n<li>Ritmos<\/li>\n<\/ul>\n<\/li>\n<li>Sesi\u00f3n 19: Acordes\n<ul>\n<li>Canci\u00f3n: Alegre la ma\u00f1ana<\/li>\n<\/ul>\n<\/li>\n<\/ul>\n<h6>Abril &#8217;18<\/h6>\n<ul>\n<li>Sesi\u00f3n 20: Acordes\n<ul>\n<li>Canci\u00f3n: La bamba<\/li>\n<\/ul>\n<\/li>\n<li>Sesi\u00f3n 21: Punteo\n<ul>\n<li>Canci\u00f3n: La bamba<\/li>\n<\/ul>\n<\/li>\n<li>Sesi\u00f3n 22:\u00a0Teor\u00eda\n<ul>\n<li>Canci\u00f3n: El que muere por m\u00ed<\/li>\n<\/ul>\n<\/li>\n<\/ul>\n<h6>Mayo &#8217;18<\/h6>\n<ul>\n<li>Sesi\u00f3n 23: Acordes\n<ul>\n<li>Canci\u00f3n: Laudate omnes gentes<\/li>\n<\/ul>\n<\/li>\n<li>Sesi\u00f3n 11 (Repaso): Punteos<\/li>\n<li>Sesi\u00f3n 24: Punteos\n<ul>\n<li>Canci\u00f3n: La pantera rosa<\/li>\n<\/ul>\n<\/li>\n<\/ul>\n<h6>Junio &#8217;18<\/h6>\n<ul>\n<li>Sesi\u00f3n 25: Acordes\n<ul>\n<li>Canci\u00f3n: Cordero de Dios<\/li>\n<\/ul>\n<\/li>\n<li>Sesi\u00f3n 26: Punteos\n<ul>\n<li>Canci\u00f3n: En el muelle de San Blas<\/li>\n<\/ul>\n<\/li>\n<li>Sesi\u00f3n 27: Punteos\n<ul>\n<li>Canci\u00f3n: Romance An\u00f3nimo<\/li>\n<li>Canci\u00f3n:\u00a0Matteo Carcassi &#8211; Etude No. 3 in A<\/li>\n<\/ul>\n<\/li>\n<\/ul>\n<h6>Septiembre &#8217;18<\/h6>\n<ul>\n<li>Sesi\u00f3n 28: Acordes\n<ul>\n<li>Canci\u00f3n: Santo (Tres Cantos)<\/li>\n<\/ul>\n<\/li>\n<li>Sesi\u00f3n 29: Acordes\n<ul>\n<li>Canci\u00f3n: Qu\u00e9date (Ema\u00fas)<\/li>\n<\/ul>\n<\/li>\n<li>Sesi\u00f3n 30: Punteo\n<ul>\n<li>Canci\u00f3n: Hotel California<\/li>\n<\/ul>\n<\/li>\n<\/ul>\n<h6>Octubre &#8217;18<\/h6>\n<ul>\n<li>Sesi\u00f3n 31: Teor\u00eda\n<ul>\n<li>Clase de escalas<\/li>\n<\/ul>\n<\/li>\n<li>Sesi\u00f3n 32: Acordes\n<ul>\n<li>Canci\u00f3n: Cerca de ti<\/li>\n<\/ul>\n<\/li>\n<\/ul>\n<h6>Noviembre &#8217;18<\/h6>\n<ul>\n<li>Sesi\u00f3n 33: Acordes\n<ul>\n<li>Canci\u00f3n: Ven ahora (Somos Si\u00f3n)<\/li>\n<\/ul>\n<\/li>\n<li>Sesi\u00f3n 34: Punteos\n<ul>\n<li>Canci\u00f3n: Fade to black<\/li>\n<\/ul>\n<\/li>\n<li>Sesi\u00f3n 35: Punteos\n<ul>\n<li>Canci\u00f3n: Waltz<\/li>\n<\/ul>\n<\/li>\n<\/ul>\n<h6>Diciembre&#8217;18<\/h6>\n<ul>\n<li>Sesi\u00f3n 36: Acordes\n<ul>\n<li>Canci\u00f3n: Arre borriquito<\/li>\n<li>Canci\u00f3n: Canta, r\u00ede, bebe<\/li>\n<\/ul>\n<\/li>\n<\/ul>\n","protected":false},"excerpt":{"rendered":"<p>En esta secci\u00f3n puedes encontrar las siguientes clases: Enero &#8217;18 Sesi\u00f3n 10: Teor\u00eda. Blues de 12 compases. Sesi\u00f3n 11: Punteos. Repaso del blues de 12<\/p>\n","protected":false},"author":6,"featured_media":0,"parent":1425,"menu_order":1,"comment_status":"closed","ping_status":"closed","template":"","meta":{"_monsterinsights_skip_tracking":false,"_monsterinsights_sitenote_active":false,"_monsterinsights_sitenote_note":"","_monsterinsights_sitenote_category":0},"aioseo_notices":[],"_links":{"self":[{"href":"https:\/\/nuestrasenoramoratalaz.archimadrid.es\/index.php?rest_route=\/wp\/v2\/pages\/5007"}],"collection":[{"href":"https:\/\/nuestrasenoramoratalaz.archimadrid.es\/index.php?rest_route=\/wp\/v2\/pages"}],"about":[{"href":"https:\/\/nuestrasenoramoratalaz.archimadrid.es\/index.php?rest_route=\/wp\/v2\/types\/page"}],"author":[{"embeddable":true,"href":"https:\/\/nuestrasenoramoratalaz.archimadrid.es\/index.php?rest_route=\/wp\/v2\/users\/6"}],"replies":[{"embeddable":true,"href":"https:\/\/nuestrasenoramoratalaz.archimadrid.es\/index.php?rest_route=%2Fwp%2Fv2%2Fcomments&post=5007"}],"version-history":[{"count":5,"href":"https:\/\/nuestrasenoramoratalaz.archimadrid.es\/index.php?rest_route=\/wp\/v2\/pages\/5007\/revisions"}],"predecessor-version":[{"id":5939,"href":"https:\/\/nuestrasenoramoratalaz.archimadrid.es\/index.php?rest_route=\/wp\/v2\/pages\/5007\/revisions\/5939"}],"up":[{"embeddable":true,"href":"https:\/\/nuestrasenoramoratalaz.archimadrid.es\/index.php?rest_route=\/wp\/v2\/pages\/1425"}],"wp:attachment":[{"href":"https:\/\/nuestrasenoramoratalaz.archimadrid.es\/index.php?rest_route=%2Fwp%2Fv2%2Fmedia&parent=5007"}],"curies":[{"name":"wp","href":"https:\/\/api.w.org\/{rel}","templated":true}]}}