{"id":5814,"date":"2019-01-07T13:49:51","date_gmt":"2019-01-07T12:49:51","guid":{"rendered":"https:\/\/nuestrasenoramoratalaz.archimadrid.es\/?page_id=5814"},"modified":"2019-01-07T13:49:51","modified_gmt":"2019-01-07T12:49:51","slug":"36-acordes","status":"publish","type":"page","link":"https:\/\/nuestrasenoramoratalaz.archimadrid.es\/?page_id=5814","title":{"rendered":"36 &#8211; ACORDES"},"content":{"rendered":"<p>En esta sesi\u00f3n hemos aprendido a tocar Arre borriquito:<\/p>\n<h4><strong><u>Arre borriquito<\/u><\/strong><\/h4>\n<pre>        LA\r\nEn la puerta de mi casa,\r\n       MI          LA\r\nvoy a poner un petardo,\r\n\r\n\"pa\" re\u00edrme del que venga,\r\n     MI          LA\r\na pedir el aguinaldo.\r\n\r\n         RE           LA\r\nPues si voy a dar a todo,\r\n         MI           LA\r\nel que pide en noche buena,\r\n       RE          LA\r\nyo si que voy a tener,\r\n        MI                LA      MI  LA\r\nque pedir de puerta en puerta.\r\n\r\n<em><strong>RE\r\nArre borriquito,\r\n\r\narre burro arre,\r\n  SOL\r\nanda m\u00e1s deprisa\r\n       LA      RE\r\nque llegamos tarde.\r\n\r\nArre borriquito vamos a Bel\u00e9n,\r\n  SOL\r\nque ma\u00f1ana es fiesta\r\n   LA         RE      MI LA      Intro\r\ny al otro tambi\u00e9n.<\/strong><\/em>\r\n\r\nEn el cielo hay una Estrella,\r\nque a los Reyes Magos gu\u00eda,\r\nhacia Bel\u00e9n para ver,\r\na Dios hijo de Mar\u00eda.\r\n\r\nCuando pasan los monarcas,\r\nsale la gente al camino,\r\ny a Bel\u00e9n se van con ellos,\r\npara ver al tierno Ni\u00f1o.\r\n\r\n<em><strong>Arre borriquito, arre burro arre, \r\nanda m\u00e1s deprisa que llegamos tarde. \r\nArre borriquito vamos a Bel\u00e9n, \r\nque ma\u00f1ana es fiesta y al otro tambi\u00e9n.<\/strong><\/em>\r\n\r\nHacia el portal de Bel\u00e9n,\r\nse dirige un pastorcito,\r\ncantando de esta manera,\r\npara alegrar el camino.\r\n\r\nHa nacido el ni\u00f1o Dios,\r\nen un portal miserable,\r\npara ense\u00f1arle a los hombres,\r\nla humildad de su linaje.\r\n<\/pre>\n<p><iframe loading=\"lazy\" title=\"Villancico Arre Borriquito en guitarra facil!\" width=\"783\" height=\"440\" src=\"https:\/\/www.youtube.com\/embed\/tldbTjCRPSw?feature=oembed\" frameborder=\"0\" allow=\"accelerometer; autoplay; clipboard-write; encrypted-media; gyroscope; picture-in-picture\" allowfullscreen><\/iframe><\/p>\n<p>Tambi\u00e9n hemos aprendido a tocar Canta, r\u00ede, bebe:<\/p>\n<h4><strong><u>Canta, r\u00ede, bebe<\/u><\/strong><\/h4>\n<pre>LA\r\nMe he comprado una zambomba,\r\n  RE\r\nun pandero y un tambor,\r\n  MI                 LA\r\ny pa' completar la orquesta,\r\n RE                   MI\r\nlos cacharros del fog\u00f3n.\r\n\r\n LA\r\nCoge t\u00fa las tapaderas, \r\n RE\r\nque no hay que dejar dormir, \r\nMI                         LA\r\nni al de arriba ni al de abajo,\r\nRE                 MI        LA\r\nni al que tiene de guardia aqu\u00ed.\r\n\r\n<em><strong>RE                                 SOL\r\nCanta, r\u00ede y bebe, que hoy es Nochebuena,<\/strong><\/em>\r\n<em><strong>                                LA    RE\r\ny en estos momentos, no hay que tener pena.\r\nRE                              SOL\r\nDale a la zambomba, dale al almirez,<\/strong><\/em>\r\n<em><strong>            RE     LA          RE\r\ny dile a tu suegra que lo pase bien.<\/strong><\/em>\r\n\r\nEsta noche todo el mundo-\u00a1mundo!\r\nest\u00e1 mucho m\u00e1s contento-\u00a1ento!,\r\nDespu\u00e9s de la buena cena,\r\nno se para ni un momento.\r\n\r\nHasta ma\u00f1ana temprano, \r\nno me tengo que acostar, \r\npues esta noche me ha dado,\r\npor bailar y por cantar.\r\n\r\n<em><strong>Canta, r\u00ede y bebe, que hoy es Nochebuena,<\/strong><\/em>\r\n<em><strong>y en estos momentos, no hay que tener pena. \r\nDale a la zambomba, dale al almirez,<\/strong><\/em>\r\n<em><strong>y dile a tu suegra que lo pase bien.<\/strong><\/em>\r\n\r\nAl chico de mi portera, \r\nhoy le han tra\u00eddo en camilla, \r\npor pedir el aguinaldo\r\nal tendero de la esquina.\r\n\r\nAl tendero de la esquina-\u00a1ina!, \r\nque ha tenido la atenci\u00f3n-\u00a1on!, \r\nde tirarle a la cabeza,\r\nun pedazo de turr\u00f3n.\r\n\r\n<em><strong>Canta, r\u00ede y bebe, que hoy es Nochebuena,<\/strong><\/em>\r\n<em><strong>y en estos momentos, no hay que tener pena. \r\nDale a la zambomba, dale al almirez,<\/strong><\/em>\r\n<em><strong>y dile a tu suegra que lo pase bien.<\/strong><\/em>\r\n<\/pre>\n<p><iframe loading=\"lazy\" title=\"Canta, Rie y Bebe Villancico, Musica de Navidad, Navide\u00f1o, Canta R\u00ede Beb\u00e9 dale ala Zambomba, Video\" width=\"783\" height=\"440\" src=\"https:\/\/www.youtube.com\/embed\/vY3U_y6kSn8?feature=oembed\" frameborder=\"0\" allow=\"accelerometer; autoplay; clipboard-write; encrypted-media; gyroscope; picture-in-picture\" allowfullscreen><\/iframe><\/p>\n","protected":false},"excerpt":{"rendered":"<p>En esta sesi\u00f3n hemos aprendido a tocar Arre borriquito: Arre borriquito LA En la puerta de mi casa, MI LA voy a poner un petardo,<\/p>\n","protected":false},"author":6,"featured_media":0,"parent":5811,"menu_order":0,"comment_status":"closed","ping_status":"closed","template":"","meta":{"_monsterinsights_skip_tracking":false,"_monsterinsights_sitenote_active":false,"_monsterinsights_sitenote_note":"","_monsterinsights_sitenote_category":0},"aioseo_notices":[],"_links":{"self":[{"href":"https:\/\/nuestrasenoramoratalaz.archimadrid.es\/index.php?rest_route=\/wp\/v2\/pages\/5814"}],"collection":[{"href":"https:\/\/nuestrasenoramoratalaz.archimadrid.es\/index.php?rest_route=\/wp\/v2\/pages"}],"about":[{"href":"https:\/\/nuestrasenoramoratalaz.archimadrid.es\/index.php?rest_route=\/wp\/v2\/types\/page"}],"author":[{"embeddable":true,"href":"https:\/\/nuestrasenoramoratalaz.archimadrid.es\/index.php?rest_route=\/wp\/v2\/users\/6"}],"replies":[{"embeddable":true,"href":"https:\/\/nuestrasenoramoratalaz.archimadrid.es\/index.php?rest_route=%2Fwp%2Fv2%2Fcomments&post=5814"}],"version-history":[{"count":1,"href":"https:\/\/nuestrasenoramoratalaz.archimadrid.es\/index.php?rest_route=\/wp\/v2\/pages\/5814\/revisions"}],"predecessor-version":[{"id":5815,"href":"https:\/\/nuestrasenoramoratalaz.archimadrid.es\/index.php?rest_route=\/wp\/v2\/pages\/5814\/revisions\/5815"}],"up":[{"embeddable":true,"href":"https:\/\/nuestrasenoramoratalaz.archimadrid.es\/index.php?rest_route=\/wp\/v2\/pages\/5811"}],"wp:attachment":[{"href":"https:\/\/nuestrasenoramoratalaz.archimadrid.es\/index.php?rest_route=%2Fwp%2Fv2%2Fmedia&parent=5814"}],"curies":[{"name":"wp","href":"https:\/\/api.w.org\/{rel}","templated":true}]}}