{"id":6171,"date":"2019-04-25T14:17:55","date_gmt":"2019-04-25T12:17:55","guid":{"rendered":"https:\/\/nuestrasenoramoratalaz.archimadrid.es\/?page_id=6171"},"modified":"2022-04-28T14:42:16","modified_gmt":"2022-04-28T12:42:16","slug":"politica-de-privacidad","status":"publish","type":"page","link":"https:\/\/nuestrasenoramoratalaz.archimadrid.es\/?page_id=6171","title":{"rendered":"Pol\u00edtica de Privacidad"},"content":{"rendered":"<p><strong>Parroquia Nuestra Se\u00f1ora de Moratalaz <\/strong>(en adelante, EL RESPONSABLE DEL TRATAMIENTO), est\u00e1 especialmente sensibilizada en la protecci\u00f3n de datos de car\u00e1cter personal de los Usuarios de los servicios del sitio Web.<\/p>\n<p>Mediante la presente Pol\u00edtica de Privacidad (en adelante, la Pol\u00edtica) EL RESPONSABLE DEL TRATAMIENTO, informa a los USUARIOS del sitio web: https:\/\/nuestrasenoramoratalaz.archimadrid.es, de los usos a los que se someten los datos de car\u00e1cter personal que se recaban en sitio Web, con el fin de que decidan, libre y voluntariamente, si desean facilitar la informaci\u00f3n solicitada.<\/p>\n<p>EL RESPONSABLE DEL TRATAMIENTO, se reserva la facultad de modificar esta Pol\u00edtica con el objeto de adaptarla a novedades legislativas, criterios jurisprudenciales, pr\u00e1cticas del sector, o intereses de la entidad. Cualquier modificaci\u00f3n en la misma ser\u00e1 anunciada con la debida antelaci\u00f3n, a fin de que tenga perfecto conocimiento de su contenido.<\/p>\n<p><strong>RESPONSABLE<\/strong><\/p>\n<p>El Responsable del Tratamiento de los datos de car\u00e1cter personal es;<\/p>\n<p><strong>Parroquia Nuestra Se\u00f1ora de Moratalaz <\/strong><\/p>\n<p>NIF: R7800587C<\/p>\n<p>Domicilio social en: Entre Arroyos 19, Madrid \u2013 Espa\u00f1a.<\/p>\n<p>Web: https:\/\/nuestrasenoramoratalaz.archimadrid.es<\/p>\n<p>Tel\u00e9fono: 91 439 07 32<\/p>\n<p>Correo-e: <a href=\"mailto:pqnsmoratalaz@archidiocesis.madrid\">pqnsmoratalaz@archidiocesis.madrid<\/a><\/p>\n<p><strong>Delegado de Protecci\u00f3n de Datos: <\/strong><a href=\"mailto:dpd@archimadrid.es\">dpd@archimadrid.es<\/a><\/p>\n<p><strong>FINALIDAD DEL TRATAMIENTO<\/strong><\/p>\n<p>La finalidad de la recogida y tratamiento de los datos personales, a trav\u00e9s de los distintos formularios propiedad de la Parroquia Nuestra Se\u00f1ora de Moratalaz puestos a disposici\u00f3n de los Usuarios, responden, siempre que se hayan aceptado de forma expresa, seg\u00fan el caso concreto, a las siguientes finalidades:<\/p>\n<ul>\n<li>Resolver las consultas, dudas y sugerencias que nos puedas plantear a trav\u00e9s de los diversos medios de contacto puestos a tu disposici\u00f3n.<\/li>\n<li>Informarles de otras actividades organizadas por la Parroquia Nuestra Se\u00f1ora de Moratalaz o publicaciones efectuadas en la Parroquia Nuestra Se\u00f1ora de Moratalaz que puedan resultar de su inter\u00e9s.<\/li>\n<li>Tramitar su solicitud de participaci\u00f3n en los eventos, campamentos o actividades que la Parroquia Nuestra Se\u00f1ora de Moratalaz organiza.<\/li>\n<\/ul>\n<p><strong>PLAZO DE CONSERVACI\u00d3N<\/strong><\/p>\n<p>Los datos personales proporcionados se conservar\u00e1n durante el plazo correspondiente para cumplir con las obligaciones legales, o se solicite su supresi\u00f3n por el interesado y este est\u00e9 legitimado para ello.<\/p>\n<p><strong>LEGITIMACI\u00d3N<\/strong><\/p>\n<p>EL RESPONSABLE DEL TRATAMIENTO, est\u00e1 legitimado al tratamiento de datos personales, en base al consentimiento otorgado por el interesado para uno o varios fines espec\u00edficos, tal y como recoge el art\u00edculo 6.1. a) del Reglamento General de Protecci\u00f3n de datos personales.<\/p>\n<p><strong>DESTINATARIOS<\/strong><\/p>\n<p>Sus datos podr\u00e1n ser cedidos a otras empresas del Grupo, lo cual puede suponer una transferencia internacional de datos.<\/p>\n<p><strong>DERECHOS DE LOS USUARIOS<\/strong><\/p>\n<p>El interesado de los datos personales en todo caso podr\u00e1 retirar su consentimiento, as\u00ed como ejercitar los derechos que le asisten, de acuerdo con el RGPD, y que son:<\/p>\n<ul>\n<li>Derecho a solicitar el acceso a los datos personales relativos al interesado,<\/li>\n<li>Derecho a solicitar su rectificaci\u00f3n o supresi\u00f3n,<\/li>\n<li>Derecho a solicitar la limitaci\u00f3n de su tratamiento,<\/li>\n<li>Derecho a oponerse al tratamiento,<\/li>\n<li>Derecho a la portabilidad de los datos<\/li>\n<\/ul>\n<p>El interesado podr\u00e1 ejercitar tales derechos mediante solicitud acompa\u00f1ada de una fotocopia de su D.N.I, y en la que especificar\u00e1 cu\u00e1l de \u00e9stos solicita sea satisfecho, remitida a los datos de contacto arriba mencionados.<\/p>\n<p>Asimismo, en caso de considerar vulnerado su derecho a la protecci\u00f3n de datos personales, podr\u00e1 interponer una reclamaci\u00f3n ante la Agencia Espa\u00f1ola de Protecci\u00f3n de Datos (<a href=\"http:\/\/www.aepd.es\">www.aepd.es<\/a>).<\/p>\n<p><strong>MEDIDAS DE SEGURIDAD<\/strong><\/p>\n<p>EL RESPONSABLE DEL TRATAMIENTO aplicar\u00e1 medidas t\u00e9cnicas y organizativas apropiadas para garantizar un nivel de seguridad adecuado al riesgo.<\/p>\n<p><span style=\"color: #0000ff;\">Parroquia Nuestra Se\u00f1ora de Moratalaz 2022 \u00a9 Todos los derechos reservados<\/span><\/p>\n","protected":false},"excerpt":{"rendered":"<p>Parroquia Nuestra Se\u00f1ora de Moratalaz (en adelante, EL RESPONSABLE DEL TRATAMIENTO), est\u00e1 especialmente sensibilizada en la protecci\u00f3n de datos de car\u00e1cter personal de los Usuarios<\/p>\n","protected":false},"author":6,"featured_media":0,"parent":6170,"menu_order":1,"comment_status":"closed","ping_status":"closed","template":"","meta":{"_monsterinsights_skip_tracking":false,"_monsterinsights_sitenote_active":false,"_monsterinsights_sitenote_note":"","_monsterinsights_sitenote_category":0},"aioseo_notices":[],"_links":{"self":[{"href":"https:\/\/nuestrasenoramoratalaz.archimadrid.es\/index.php?rest_route=\/wp\/v2\/pages\/6171"}],"collection":[{"href":"https:\/\/nuestrasenoramoratalaz.archimadrid.es\/index.php?rest_route=\/wp\/v2\/pages"}],"about":[{"href":"https:\/\/nuestrasenoramoratalaz.archimadrid.es\/index.php?rest_route=\/wp\/v2\/types\/page"}],"author":[{"embeddable":true,"href":"https:\/\/nuestrasenoramoratalaz.archimadrid.es\/index.php?rest_route=\/wp\/v2\/users\/6"}],"replies":[{"embeddable":true,"href":"https:\/\/nuestrasenoramoratalaz.archimadrid.es\/index.php?rest_route=%2Fwp%2Fv2%2Fcomments&post=6171"}],"version-history":[{"count":6,"href":"https:\/\/nuestrasenoramoratalaz.archimadrid.es\/index.php?rest_route=\/wp\/v2\/pages\/6171\/revisions"}],"predecessor-version":[{"id":7621,"href":"https:\/\/nuestrasenoramoratalaz.archimadrid.es\/index.php?rest_route=\/wp\/v2\/pages\/6171\/revisions\/7621"}],"up":[{"embeddable":true,"href":"https:\/\/nuestrasenoramoratalaz.archimadrid.es\/index.php?rest_route=\/wp\/v2\/pages\/6170"}],"wp:attachment":[{"href":"https:\/\/nuestrasenoramoratalaz.archimadrid.es\/index.php?rest_route=%2Fwp%2Fv2%2Fmedia&parent=6171"}],"curies":[{"name":"wp","href":"https:\/\/api.w.org\/{rel}","templated":true}]}}