{"id":6425,"date":"2019-06-04T21:08:42","date_gmt":"2019-06-04T19:08:42","guid":{"rendered":"https:\/\/nuestrasenoramoratalaz.archimadrid.es\/?page_id=6425"},"modified":"2021-09-30T23:30:06","modified_gmt":"2021-09-30T21:30:06","slug":"informacion","status":"publish","type":"page","link":"https:\/\/nuestrasenoramoratalaz.archimadrid.es\/?page_id=6425","title":{"rendered":"Informaci\u00f3n"},"content":{"rendered":"\n<p>Buenos d\u00edas nos d\u00e9 Dios.<\/p>\n\n\n\n<p>Somos una comunidad cat\u00f3lica que lleva asentada en el barrio de Moratalaz desde sus comienzos. Tratamos de hacer presente al Se\u00f1or en nuestro barrio desde 1961 [m\u00e1s de 50 a\u00f1os]<\/p>\n\n\n\n<p>Hemos visto nacer el barrio, primero desde el Barrac\u00f3n y m\u00e1s tarde, ya desde este Complejo Parroquial en el que ahora seguimos desmpe\u00f1ando nuestra tarea. Pero, no s\u00f3lo hemos visto nacer el barrio, sino que hemos contribuido a hacerlo crecer.<\/p>\n\n\n\n<p>Desde este primer saludo en esta WEB asumimos el compromiso de ir desgranando la historia de esta Parroquia que en buena parte es tambi\u00e9n la historia del barrio.<\/p>\n\n\n\n<p>Pero, por supuesto, trataremos de reflejar nuestra vida de hoy, en el d\u00eda a d\u00eda, con proyecci\u00f3n hacia el futuro.<\/p>\n\n\n\n<p>Nuestro saludo a todos los visitantes.<\/p>\n\n\n\n<div class=\"wp-block-image\"><figure class=\"aligncenter size-large\"><a href=\"https:\/\/i2.wp.com\/nuestrasenoramoratalaz.archimadrid.es\/wp-content\/uploads\/2018\/12\/Templo.jpg?ssl=1\"><img loading=\"lazy\" width=\"714\" height=\"1024\" src=\"https:\/\/nuestrasenoramoratalaz.archimadrid.es\/wp-content\/uploads\/2018\/12\/Templo-e1543635128890-714x1024.jpg\" alt=\"\" class=\"wp-image-5563\" srcset=\"https:\/\/nuestrasenoramoratalaz.archimadrid.es\/wp-content\/uploads\/2018\/12\/Templo-e1543635128890-714x1024.jpg 714w, https:\/\/nuestrasenoramoratalaz.archimadrid.es\/wp-content\/uploads\/2018\/12\/Templo-e1543635128890-209x300.jpg 209w, https:\/\/nuestrasenoramoratalaz.archimadrid.es\/wp-content\/uploads\/2018\/12\/Templo-e1543635128890-768x1101.jpg 768w, https:\/\/nuestrasenoramoratalaz.archimadrid.es\/wp-content\/uploads\/2018\/12\/Templo-e1543635128890.jpg 1346w\" sizes=\"(max-width: 714px) 100vw, 714px\" \/><\/a><\/figure><\/div>\n","protected":false},"excerpt":{"rendered":"<p>Buenos d\u00edas nos d\u00e9 Dios. Somos una comunidad cat\u00f3lica que lleva asentada en el barrio de Moratalaz desde sus comienzos. Tratamos de hacer presente al<\/p>\n","protected":false},"author":6,"featured_media":0,"parent":0,"menu_order":1,"comment_status":"closed","ping_status":"closed","template":"","meta":{"_monsterinsights_skip_tracking":false,"_monsterinsights_sitenote_active":false,"_monsterinsights_sitenote_note":"","_monsterinsights_sitenote_category":0},"aioseo_notices":[],"_links":{"self":[{"href":"https:\/\/nuestrasenoramoratalaz.archimadrid.es\/index.php?rest_route=\/wp\/v2\/pages\/6425"}],"collection":[{"href":"https:\/\/nuestrasenoramoratalaz.archimadrid.es\/index.php?rest_route=\/wp\/v2\/pages"}],"about":[{"href":"https:\/\/nuestrasenoramoratalaz.archimadrid.es\/index.php?rest_route=\/wp\/v2\/types\/page"}],"author":[{"embeddable":true,"href":"https:\/\/nuestrasenoramoratalaz.archimadrid.es\/index.php?rest_route=\/wp\/v2\/users\/6"}],"replies":[{"embeddable":true,"href":"https:\/\/nuestrasenoramoratalaz.archimadrid.es\/index.php?rest_route=%2Fwp%2Fv2%2Fcomments&post=6425"}],"version-history":[{"count":3,"href":"https:\/\/nuestrasenoramoratalaz.archimadrid.es\/index.php?rest_route=\/wp\/v2\/pages\/6425\/revisions"}],"predecessor-version":[{"id":7521,"href":"https:\/\/nuestrasenoramoratalaz.archimadrid.es\/index.php?rest_route=\/wp\/v2\/pages\/6425\/revisions\/7521"}],"wp:attachment":[{"href":"https:\/\/nuestrasenoramoratalaz.archimadrid.es\/index.php?rest_route=%2Fwp%2Fv2%2Fmedia&parent=6425"}],"curies":[{"name":"wp","href":"https:\/\/api.w.org\/{rel}","templated":true}]}}