{"id":6765,"date":"2020-02-02T14:37:29","date_gmt":"2020-02-02T13:37:29","guid":{"rendered":"https:\/\/nuestrasenoramoratalaz.archimadrid.es\/?page_id=6765"},"modified":"2020-02-02T19:05:47","modified_gmt":"2020-02-02T18:05:47","slug":"luces-en-la-ciudad-20","status":"publish","type":"page","link":"https:\/\/nuestrasenoramoratalaz.archimadrid.es\/?page_id=6765","title":{"rendered":"LUCES EN LA CIUDAD 20"},"content":{"rendered":"<p>Uno de los objetivos del Plan Diocesano Misionero de este a\u00f1o es que los j\u00f3venes sean conscientes de la gran labor que lleva a cabo la vida consagrada en Madrid. Por eso, el\u00a0<strong>viernes 7 de febrero<\/strong>\u00a0se celebrar\u00e1 una nueva edici\u00f3n de Luces en la Ciudad, como un modo en el que el testimonio de tantos hombres y mujeres que entregan su vida haciendo presente a Cristo se convierta en algo cercano, que conozcan la belleza de la entrega y se suscite en ellos una pregunta vocacional.<\/p>\n<p>Organizado por la Vicar\u00eda Episcopal de la Vida Consagrada y la Delegaci\u00f3n Episcopal de J\u00f3venes, el encuentro consistir\u00e1 en que los j\u00f3venes tengan la oportunidad de visitar las casas y comunidades de vida consagrada para compartir una peque\u00f1a oraci\u00f3n, escuchar alg\u00fan testimonio y tener la oportunidad de dialogar con ellos. Estas visitas se desarrollar\u00e1n de 18:00 a 21:00 horas. A continuaci\u00f3n, todos participar\u00e1n en la vigilia de oraci\u00f3n Adoremus que se celebrar\u00e1 en la catedral a las 22:00 horas, presidida por el cardenal Carlos Osoro, arzobispo de Madrid. Una ocasi\u00f3n para dar gracias a Dios por la vida consagrada de la di\u00f3cesis, y para pedir al Se\u00f1or nuevas vocaciones a la misma.<a href=\"https:\/\/nuestrasenoramoratalaz.archimadrid.es\/wp-content\/uploads\/2020\/02\/luces-feb07.jpg\"><img loading=\"lazy\" class=\"aligncenter wp-image-6766 size-full\" src=\"https:\/\/nuestrasenoramoratalaz.archimadrid.es\/wp-content\/uploads\/2020\/02\/luces-feb07.jpg\" alt=\"\" width=\"800\" height=\"400\" srcset=\"https:\/\/nuestrasenoramoratalaz.archimadrid.es\/wp-content\/uploads\/2020\/02\/luces-feb07.jpg 800w, https:\/\/nuestrasenoramoratalaz.archimadrid.es\/wp-content\/uploads\/2020\/02\/luces-feb07-300x150.jpg 300w, https:\/\/nuestrasenoramoratalaz.archimadrid.es\/wp-content\/uploads\/2020\/02\/luces-feb07-768x384.jpg 768w\" sizes=\"(max-width: 800px) 100vw, 800px\" \/><\/a><\/p>\n<p>FECHA:\u00a0<strong>7 de febrero de 2019<\/strong><\/p>\n<p>LUGAR: Itinerario de visitas a las casas y Vigilia Adoremos (Catedral)<\/p>\n<p>HORARIO:<\/p>\n<p>18:00 &#8211; 21:00 visita a las casas<br \/>\n22:00 Vigilia Adoremos<\/p>\n<p>DESTINATARIOS: preferentemente j\u00f3venes entre 16 y 35 a\u00f1os<\/p>\n<h3>INSCRIPCI\u00d3N:<\/h3>\n<p class=\"wpcf7-contact-form-not-found\"><strong>Error:<\/strong> Formulario de contacto no encontrado.<\/p>\n","protected":false},"excerpt":{"rendered":"<p>Uno de los objetivos del Plan Diocesano Misionero de este a\u00f1o es que los j\u00f3venes sean conscientes de la gran labor que lleva a cabo<\/p>\n","protected":false},"author":6,"featured_media":0,"parent":2330,"menu_order":7,"comment_status":"closed","ping_status":"closed","template":"","meta":{"_monsterinsights_skip_tracking":false,"_monsterinsights_sitenote_active":false,"_monsterinsights_sitenote_note":"","_monsterinsights_sitenote_category":0},"aioseo_notices":[],"_links":{"self":[{"href":"https:\/\/nuestrasenoramoratalaz.archimadrid.es\/index.php?rest_route=\/wp\/v2\/pages\/6765"}],"collection":[{"href":"https:\/\/nuestrasenoramoratalaz.archimadrid.es\/index.php?rest_route=\/wp\/v2\/pages"}],"about":[{"href":"https:\/\/nuestrasenoramoratalaz.archimadrid.es\/index.php?rest_route=\/wp\/v2\/types\/page"}],"author":[{"embeddable":true,"href":"https:\/\/nuestrasenoramoratalaz.archimadrid.es\/index.php?rest_route=\/wp\/v2\/users\/6"}],"replies":[{"embeddable":true,"href":"https:\/\/nuestrasenoramoratalaz.archimadrid.es\/index.php?rest_route=%2Fwp%2Fv2%2Fcomments&post=6765"}],"version-history":[{"count":1,"href":"https:\/\/nuestrasenoramoratalaz.archimadrid.es\/index.php?rest_route=\/wp\/v2\/pages\/6765\/revisions"}],"predecessor-version":[{"id":6767,"href":"https:\/\/nuestrasenoramoratalaz.archimadrid.es\/index.php?rest_route=\/wp\/v2\/pages\/6765\/revisions\/6767"}],"up":[{"embeddable":true,"href":"https:\/\/nuestrasenoramoratalaz.archimadrid.es\/index.php?rest_route=\/wp\/v2\/pages\/2330"}],"wp:attachment":[{"href":"https:\/\/nuestrasenoramoratalaz.archimadrid.es\/index.php?rest_route=%2Fwp%2Fv2%2Fmedia&parent=6765"}],"curies":[{"name":"wp","href":"https:\/\/api.w.org\/{rel}","templated":true}]}}