{"id":7075,"date":"2021-01-05T18:22:58","date_gmt":"2021-01-05T17:22:58","guid":{"rendered":"https:\/\/nuestrasenoramoratalaz.archimadrid.es\/?page_id=7075"},"modified":"2022-04-28T14:42:53","modified_gmt":"2022-04-28T12:42:53","slug":"politica-de-cookies-2","status":"publish","type":"page","link":"https:\/\/nuestrasenoramoratalaz.archimadrid.es\/?page_id=7075","title":{"rendered":"Pol\u00edtica de Cookies"},"content":{"rendered":"\n<p><strong>\u00bfQu\u00e9 son las cookies?<\/strong><\/p>\n\n\n\n<p>Este sitio web utiliza cookies y\/o tecnolog\u00edas similares que almacenan y recuperan informaci\u00f3n cuando navegas. En general, estas tecnolog\u00edas pueden servir para finalidades muy diversas, como, por ejemplo, reconocerte como usuario, obtener informaci\u00f3n sobre tus h\u00e1bitos de navegaci\u00f3n, o personalizar la forma en que se muestra el contenido. Los usos concretos que hacemos de estas tecnolog\u00edas se describen a continuaci\u00f3n.<\/p>\n\n\n\n<p><a><strong>Tipos de Cookies<\/strong><\/a><strong> <\/strong><strong><\/strong><\/p>\n\n\n\n<p>Para entender el deber de informaci\u00f3n que afecta a las cookies, hay que tener en cuenta las diversas clasificaciones de las cookies.<\/p>\n\n\n\n<ol type=\"1\"><li>Tipos de cookies seg\u00fan la entidad que la gestione:<\/li><\/ol>\n\n\n\n<ol type=\"a\"><li><strong>Cookies propias<\/strong>: son aquellas que se env\u00edan al equipo terminal del usuario desde un equipo o dominio gestionado por el propio editor y desde el que se presta el servicio solicitado por el usuario.<\/li><li><strong>Cookies de tercero<\/strong>: son aquellas que se env\u00edan al equipo terminal del usuario desde un equipo o dominio que no es gestionado por el editor, sino por otra entidad que trata los datos obtenidos trav\u00e9s de las cookies.<\/li><\/ol>\n\n\n\n<ul><li>Tipos de cookies seg\u00fan su finalidad:<\/li><\/ul>\n\n\n\n<ol type=\"a\"><li><strong>Cookies t\u00e9cnicas<\/strong>: son aquellas que permiten al usuario la navegaci\u00f3n a trav\u00e9s de una p\u00e1gina web, plataforma o aplicaci\u00f3n y la utilizaci\u00f3n de las diferentes opciones o servicios que en ella existan, incluyendo aquellas que el editor utiliza para permitir la gesti\u00f3n y operativa de la p\u00e1gina web y habilitar sus funciones y servicios, como, por ejemplo, controlar el tr\u00e1fico y la comunicaci\u00f3n de datos, identificar la sesi\u00f3n, acceder a partes de acceso restringido, recordar los elementos que integran un pedido, realizar el proceso de compra de un pedido, gestionar el pago, controlar el fraude vinculado a la seguridad del servicio, realizar la solicitud de inscripci\u00f3n o participaci\u00f3n en un evento, contar visitas a efectos de la facturaci\u00f3n de licencias del software con el que funciona el servicio (sitio web, plataforma o aplicaci\u00f3n), utilizar elementos de seguridad durante la navegaci\u00f3n, almacenar contenidos para la difusi\u00f3n de v\u00eddeos o sonido, habilitar contenidos din\u00e1micos (por ejemplo, animaci\u00f3n de carga de un texto o imagen) o compartir contenidos a trav\u00e9s de redes sociales. Tambi\u00e9n pertenecen a esta categor\u00eda, por su naturaleza t\u00e9cnica, aquellas cookies que permiten la gesti\u00f3n, de la forma m\u00e1s eficaz posible, de los espacios publicitarios que, como un elemento m\u00e1s de dise\u00f1o o \u201cmaquetaci\u00f3n\u201d del servicio ofrecido al usuario, el editor haya incluido en una p\u00e1gina web, aplicaci\u00f3n o plataforma en base a criterios como el contenido editado, sin que se recopile informaci\u00f3n de los usuarios con fines distintos, como puede ser personalizar ese contenido publicitario u otros contenidos.<\/li><li><strong>Cookies de preferencias o personalizaci\u00f3n<\/strong>: son aquellas que permiten recordar informaci\u00f3n para que el usuario acceda al servicio con determinadas caracter\u00edsticas que pueden diferenciar su experiencia de la de otros usuarios, como, por ejemplo, el idioma, el n\u00famero de resultados a mostrar cuando el usuario realiza una b\u00fasqueda, el aspecto o contenido del servicio en funci\u00f3n del tipo de navegador a trav\u00e9s del cual el usuario accede al servicio o de la regi\u00f3n desde la que accede al servicio, etc.<\/li><li><strong>Cookies de an\u00e1lisis o medici\u00f3n<\/strong>: son aquellas que permiten al responsable de estas el seguimiento y an\u00e1lisis del comportamiento de los usuarios de los sitios web a los que est\u00e1n vinculadas, incluida la cuantificaci\u00f3n de los impactos de los anuncios. La informaci\u00f3n recogida mediante este tipo de cookies se utiliza en la medici\u00f3n de la actividad de los sitios web, aplicaci\u00f3n o plataforma, con el fin de introducir mejoras en funci\u00f3n del an\u00e1lisis de los datos de uso que hacen los usuarios del servicio.<\/li><li><strong>Cookies de publicidad comportamental<\/strong>: son aquellas que almacenan informaci\u00f3n del comportamiento de los usuarios obtenida a trav\u00e9s de la observaci\u00f3n continuada de sus h\u00e1bitos de navegaci\u00f3n, lo que permite desarrollar un perfil espec\u00edfico para mostrar publicidad en funci\u00f3n de este.<\/li><\/ol>\n\n\n\n<ul><li>Tipos de cookies seg\u00fan el plazo de tiempo que permanecen activadas:<\/li><\/ul>\n\n\n\n<ol type=\"a\"><li><strong>Cookies de sesi\u00f3n<\/strong>: son aquellas dise\u00f1adas para recabar y almacenar datos mientras el usuario accede a una p\u00e1gina web. Se suelen emplear para almacenar informaci\u00f3n que solo interesa conservar para la prestaci\u00f3n del servicio solicitado por el usuario en una sola ocasi\u00f3n (por ejemplo, una lista de productos adquiridos) y desaparecen al terminar la sesi\u00f3n.<\/li><li><strong>Cookies persistentes<\/strong>: son aquellas en las que los datos siguen almacenados en el terminal y pueden ser accedidos y tratados durante un periodo definido por el responsable de la cookie, y que puede ir de unos minutos a varios a\u00f1os.<\/li><\/ol>\n\n\n\n<p><strong>\u00bfQu\u00e9 tipos de cookies se utilizan en esta p\u00e1gina web?<\/strong><\/p>\n\n\n\n<ol type=\"1\"><li><strong>Cookies propias:<\/strong><\/li><\/ol>\n\n\n\n<figure class=\"wp-block-table\"><table><tbody><tr><td><a><strong>Nombre<\/strong><\/a><\/td><td><strong>Finalidad<\/strong><\/td><td><strong>Tiempo que permanecen activas<\/strong><\/td><td><strong>Editor<\/strong><\/td><\/tr><tr><td>redux_blast<\/td><td>T\u00e9cnica<\/td><td>Cookie persistente: 3 d\u00edas<\/td><td>nuestrasenoramoratalaz.archimadrid.es<\/td><\/tr><\/tbody><\/table><\/figure>\n\n\n\n<ul><li><strong>Cookies de terceros:<\/strong><\/li><\/ul>\n\n\n\n<figure class=\"wp-block-table\"><table><tbody><tr><td><strong>Nombre<\/strong><\/td><td><strong>Finalidad<\/strong><\/td><td><strong>Tiempo que permanecen activas<\/strong><\/td><td><strong>Editor<\/strong><\/td><\/tr><tr><td>_ga<strong><\/strong><\/td><td>Anal\u00edtica<strong><\/strong><\/td><td>Cookie persistente: 2 a\u00f1os<strong><\/strong><\/td><td>archimadrid.es <a href=\"https:\/\/www.archimadrid.org\/index.php\">https:\/\/www.archimadrid.org\/index.php<\/a> <strong>&nbsp;<\/strong><\/td><\/tr><tr><td>_gat<strong><\/strong><\/td><td>Anal\u00edtica<strong><\/strong><\/td><td>Cookie persistente: 1 minuto<strong><\/strong><\/td><\/tr><tr><td>_gid<strong><\/strong><\/td><td>Anal\u00edtica<strong><\/strong><\/td><td>Cookie persistente: 1 d\u00eda<strong><\/strong><\/td><\/tr><tr><td>_gd1580732667147<strong><\/strong><\/td><td>Anal\u00edtica<strong><\/strong><\/td><td>No especificado<strong><\/strong><\/td><\/tr><tr><td>_gd1580732667149<strong><\/strong><\/td><td>Anal\u00edtica<strong><\/strong><\/td><td>No especificado<strong><\/strong><\/td><\/tr><tr><td>YSC<strong><\/strong><\/td><td>Anal\u00edtica Registra una identificaci\u00f3n \u00fanica para mantener estad\u00edsticas de qu\u00e9 videos de YouTube ha visto el usuario.<strong><\/strong><\/td><td>Cookie de sesi\u00f3n<strong><\/strong><\/td><td>youtube.com <a href=\"https:\/\/policies.google.com\/technologies\/cookies?hl=es&amp;gl=es\">https:\/\/policies.google.com\/technologies\/cookies?hl=es&amp;gl=es<\/a> <strong>&nbsp;<\/strong><\/td><\/tr><tr><td>GPS<strong><\/strong><\/td><td>T\u00e9cnica Permite el seguimiento en funci\u00f3n de la ubicaci\u00f3n geogr\u00e1fica del GPS.<strong><\/strong><\/td><td>Cookie persistente: 30 minutos<strong><\/strong><\/td><\/tr><tr><td>PREF<strong><\/strong><\/td><td>Cookie de preferencia\/personalizaci\u00f3n<strong><\/strong><\/td><td>Cookie persistente: 2 a\u00f1os<strong><\/strong><\/td><\/tr><tr><td>VISITOR_INFO1_LIVE<strong><\/strong><\/td><td>T\u00e9cnica Intenta estimar el ancho de banda de los usuarios en p\u00e1ginas con videos integrados de YouTube.<strong><\/strong><\/td><td>Cookie persistente: 10 meses<strong><\/strong><\/td><\/tr><tr><td>remote_sid<strong><\/strong><\/td><td>Cookie t\u00e9cnica para el servicio de v\u00eddeo de Youtube<strong><\/strong><\/td><td>Cookie persistente: 15 d\u00edas<strong><\/strong><\/td><\/tr><tr><td>IDE<strong><\/strong><\/td><td>Preferencias<strong><\/strong><\/td><td>Cookie persistente: 1 a\u00f1o<strong><\/strong><\/td><td>doubleclick.net <a href=\"https:\/\/policies.google.com\/technologies\/cookies?hl=es&amp;gl=es\">https:\/\/policies.google.com\/technologies\/cookies?hl=es&amp;gl=es<\/a> <strong>&nbsp;<\/strong><\/td><\/tr><tr><td>test_cookie<strong><\/strong><\/td><td>Utilizada para comprobar si el navegador del usuario admite cookies.<strong><\/strong><\/td><td>Cookie persistente: 1 d\u00eda<strong><\/strong><\/td><\/tr><tr><td>lang<strong><\/strong><\/td><td>Sesi\u00f3n<strong><\/strong><\/td><td>Cookie de sesi\u00f3n<strong><\/strong><\/td><td>cdn.syndication.twimg.com <a href=\"https:\/\/help.twitter.com\/es\/rules-and-policies\/twitter-cookies\">https:\/\/help.twitter.com\/es\/rules-and-policies\/twitter-cookies<\/a><strong><\/strong><\/td><\/tr><tr><td>NID<strong><\/strong><\/td><td>Preferencias<strong><\/strong><\/td><td>Cookie persistente: 6 meses<strong><\/strong><\/td><td>google.com <a href=\"https:\/\/policies.google.com\/technologies\/cookies?hl=es&amp;gl=es\">https:\/\/policies.google.com\/technologies\/cookies?hl=es&amp;gl=es<\/a> <strong>&nbsp;<\/strong><\/td><\/tr><\/tbody><\/table><\/figure>\n\n\n\n<p><strong>Licitud del tratamiento<\/strong><\/p>\n\n\n\n<p>La base legal del tratamiento es su consentimiento (libre, espec\u00edfico, informado e inequ\u00edvoco). Podr\u00e1 revocar su consentimiento, siga las instrucciones del siguiente apartado.<\/p>\n\n\n\n<p><strong>Forma de aceptar, denegar, revocar el consentimiento o eliminar las cookies<\/strong><\/p>\n\n\n\n<p>Puede usted permitir o bloquear las cookies, as\u00ed como borrar sus datos de navegaci\u00f3n (incluidas las cookies) desde el navegador que usted utiliza. Consulte las opciones e instrucciones que ofrece su navegador para ello. Tenga en cuenta que, si acepta las cookies de terceros, deber\u00e1 eliminarlas desde las opciones del navegador.<\/p>\n\n\n\n<ul><li><strong>Firefox<\/strong>: <a href=\"http:\/\/support.mozilla.org\/es\/kb\/habilitar-y-deshabilitar-cookies-que-los-sitios-we\">http:\/\/support.mozilla.org\/es\/kb\/habilitar-y-deshabilitar-cookies-que-los-sitios-we<\/a><\/li><li><strong>Chrome<\/strong>: <a href=\"http:\/\/support.google.com\/chrome\/bin\/answer.py?hl=es&amp;answer=95647\">http:\/\/support.google.com\/chrome\/bin\/answer.py?hl=es&amp;answer=95647<\/a><\/li><li><strong>Explorer<\/strong>: <a href=\"https:\/\/support.microsoft.com\/es-es\/help\/17442\">https:\/\/support.microsoft.com\/es-es\/help\/17442<\/a><\/li><li><strong>Safari<\/strong>: <a href=\"http:\/\/support.apple.com\/kb\/ph5042\">http:\/\/support.apple.com\/kb\/ph5042<\/a><\/li><li><strong>Opera<\/strong>: <a href=\"http:\/\/help.opera.com\/Windows\/11.50\/es-ES\/cookies.html\">http:\/\/help.opera.com\/Windows\/11.50\/es-ES\/cookies.html<\/a><\/li><li><strong>Otros navegadores<\/strong>: consulte la documentaci\u00f3n del navegador que tenga instalado.<\/li><\/ul>\n\n\n\n<p><strong>Transferencias internacionales de datos<\/strong><\/p>\n\n\n\n<p>Cookies Propias: la informaci\u00f3n almacenada no supondr\u00e1 una transferencia internacional.<\/p>\n\n\n\n<p>Cookies de terceros: Puedes informarte de las transferencias a terceros pa\u00edses que, en su caso, realizan los terceros identificados en esta pol\u00edtica de cookies en sus correspondientes pol\u00edticas (ver los enlaces facilitados en el apartado \u201cCookies de terceros\u201d).<\/p>\n\n\n\n<p><strong>Elaboraci\u00f3n de perfiles automatizada con efectos jur\u00eddicos<\/strong><\/p>\n\n\n\n<p>En caso de que, con las cookies realicemos an\u00e1lisis de perfiles de forma automatizada y que pueda producir efectos jur\u00eddicos, dicha informaci\u00f3n se detallar\u00e1 en la <a href=\"https:\/\/nuestrasenoramoratalaz.archimadrid.es\/?page_id=6171\">Pol\u00edtica de Privacidad<\/a>.<\/p>\n\n\n\n<p><strong>Otra informaci\u00f3n exigida por el art. 13 del RGPD<\/strong><\/p>\n\n\n\n<p>Formando parte del deber de informaci\u00f3n exigido por el art. 13 del RGPD, os remitimos a la <a href=\"https:\/\/nuestrasenoramoratalaz.archimadrid.es\/?page_id=6171\">Pol\u00edtica de privacidad<\/a> para informarle de:<\/p>\n\n\n\n<p><strong>a)&nbsp;<\/strong>la identidad y los datos de contacto del responsable y, en su caso, de su representante;<\/p>\n\n\n\n<p><strong>b)&nbsp;<\/strong>los datos de contacto del delegado de protecci\u00f3n de datos, en su caso;<\/p>\n\n\n\n<p><strong>c)&nbsp;<\/strong>la existencia del derecho a solicitar al responsable del tratamiento el acceso a los datos personales relativos al interesado, y su rectificaci\u00f3n o supresi\u00f3n, o la limitaci\u00f3n de su tratamiento, o a oponerse al tratamiento, as\u00ed como el derecho a la portabilidad de los datos;<\/p>\n\n\n\n<p><strong>d)&nbsp;<\/strong>el derecho a presentar una reclamaci\u00f3n ante una autoridad de control;<\/p>\n\n\n\n<p><strong>e)&nbsp;<\/strong>la existencia de decisiones automatizas, incluida la elaboraci\u00f3n de perfiles, a que se refiere el art\u00edculo 22, apartados 1 y 4, y, al menos en tales casos, informaci\u00f3n significativa sobre la l\u00f3gica aplicada, as\u00ed como la importancia y las consecuencias previstas de dicho tratamiento para el interesado.<\/p>\n\n\n\n<p><span style=\"color:#064ae5\" class=\"has-inline-color\">Parroquia Nuestra Se\u00f1ora de Moratalaz 2022 \u00a9 Todos los derechos reservados<\/span><\/p>\n","protected":false},"excerpt":{"rendered":"<p>\u00bfQu\u00e9 son las cookies? Este sitio web utiliza cookies y\/o tecnolog\u00edas similares que almacenan y recuperan informaci\u00f3n cuando navegas. En general, estas tecnolog\u00edas pueden servir<\/p>\n","protected":false},"author":6,"featured_media":0,"parent":6170,"menu_order":2,"comment_status":"closed","ping_status":"closed","template":"","meta":{"_monsterinsights_skip_tracking":false,"_monsterinsights_sitenote_active":false,"_monsterinsights_sitenote_note":"","_monsterinsights_sitenote_category":0},"aioseo_notices":[],"_links":{"self":[{"href":"https:\/\/nuestrasenoramoratalaz.archimadrid.es\/index.php?rest_route=\/wp\/v2\/pages\/7075"}],"collection":[{"href":"https:\/\/nuestrasenoramoratalaz.archimadrid.es\/index.php?rest_route=\/wp\/v2\/pages"}],"about":[{"href":"https:\/\/nuestrasenoramoratalaz.archimadrid.es\/index.php?rest_route=\/wp\/v2\/types\/page"}],"author":[{"embeddable":true,"href":"https:\/\/nuestrasenoramoratalaz.archimadrid.es\/index.php?rest_route=\/wp\/v2\/users\/6"}],"replies":[{"embeddable":true,"href":"https:\/\/nuestrasenoramoratalaz.archimadrid.es\/index.php?rest_route=%2Fwp%2Fv2%2Fcomments&post=7075"}],"version-history":[{"count":5,"href":"https:\/\/nuestrasenoramoratalaz.archimadrid.es\/index.php?rest_route=\/wp\/v2\/pages\/7075\/revisions"}],"predecessor-version":[{"id":7622,"href":"https:\/\/nuestrasenoramoratalaz.archimadrid.es\/index.php?rest_route=\/wp\/v2\/pages\/7075\/revisions\/7622"}],"up":[{"embeddable":true,"href":"https:\/\/nuestrasenoramoratalaz.archimadrid.es\/index.php?rest_route=\/wp\/v2\/pages\/6170"}],"wp:attachment":[{"href":"https:\/\/nuestrasenoramoratalaz.archimadrid.es\/index.php?rest_route=%2Fwp%2Fv2%2Fmedia&parent=7075"}],"curies":[{"name":"wp","href":"https:\/\/api.w.org\/{rel}","templated":true}]}}